{"id":1999,"date":"2021-07-28T10:16:54","date_gmt":"2021-07-28T13:16:54","guid":{"rendered":"https:\/\/movitronics.com.br\/store\/?post_type=product&#038;p=1999"},"modified":"2023-11-13T18:17:43","modified_gmt":"2023-11-13T21:17:43","slug":"presenter-expert-wireless-cursor-control-with-green-laser-and-memory","status":"publish","type":"product","link":"https:\/\/movitronics.com.br\/store\/loja\/informatica\/kensington\/presenter-expert-wireless-cursor-control-with-green-laser-and-memory\/","title":{"rendered":"Presenter Expert\u2122 Wireless Cursor Control with Green Laser and Memory"},"content":{"rendered":"<p>8GB de mem\u00f3ria<br \/>\nArmazene sua apresenta\u00e7\u00e3o no cart\u00e3o Micro SD inclu\u00eddo que se encaixa em seu receptor USB para que voc\u00ea n\u00e3o tenha que se preocupar em esquecer seu pen drive ou conectar seu laptop a uma configura\u00e7\u00e3o desconhecida<\/p>\n<p>Joystick de controle do cursor<br \/>\nOferece controle total do dispositivo para que voc\u00ea possa usar o apresentador como um mouse, movendo o cursor para cima \/ para baixo e para a esquerda \/ direita na tela<\/p>\n<p>Ponteiro laser verde<br \/>\n10 vezes mais brilhante do que um laser vermelho padr\u00e3o<\/p>\n<p>Controles intuitivos de bot\u00e3o com luz de fundo<br \/>\nOs convenientes bot\u00f5es retroiluminados por LED movem perfeitamente sua apresenta\u00e7\u00e3o do PowerPoint ou Keynote para frente ou para tr\u00e1s, junto com a op\u00e7\u00e3o de escurecimento da tela e um bot\u00e3o para ativar o apontador laser verde<\/p>\n<p>Alcance de 45 metros<br \/>\nPercorra a sala com o m\u00e1ximo de liberdade, sabendo que o receptor permanecer\u00e1 conectado durante a apresenta\u00e7\u00e3o, mesmo quando voc\u00ea estiver longe do dispositivo host<\/p>\n<p>Armazenamento interno do receptor<br \/>\nLugar conveniente para armazenar seu receptor USB sem fio para que ele n\u00e3o se perca, j\u00e1 que cada apresentador e receptor s\u00e3o emparelhados de forma exclusiva para evitar interfer\u00eancias<\/p>\n<p>Conex\u00e3o sem fio Plug &amp; Play de 2,4 GHz<br \/>\nOferece desempenho seguro e confi\u00e1vel por meio de um receptor USB compacto para o m\u00e1ximo em liberdade e mobilidade durante sua apresenta\u00e7\u00e3o<\/p>\n<p>Punho confort\u00e1vel<br \/>\nContornos especialmente projetados tornam o uso do apresentador extremamente confort\u00e1vel enquanto o segura em sua m\u00e3o<\/p>\n<p>Sobre Kensington<br \/>\nKensington \u00e9 a marca que os profissionais escolhem quando precisam dos acess\u00f3rios mais inovadores e confi\u00e1veis \u200b\u200bpara serem produtivos da melhor forma. Com mais de 30 anos de experi\u00eancia confi\u00e1vel, os profissionais de neg\u00f3cios e usu\u00e1rios de escrit\u00f3rios dom\u00e9sticos podem ter a certeza de que cada produto Kensington que voc\u00ea adquirir cumprir\u00e1 nossa promessa de marca &#8220;inteligente. Seguro. Simples&#8221;.<\/p>\n<p>O cart\u00e3o Micro SD de 8 GB armazena apresenta\u00e7\u00f5es, cabe dentro do receptor sem fio<br \/>\nO joystick de controle do cursor permite que voc\u00ea use o apresentador como um mouse, movendo o cursor para cima \/ para baixo e para a esquerda \/ direita.<br \/>\nO apontador laser verde \u00e9 10x mais brilhante do que um laser vermelho<br \/>\nOs controles do bot\u00e3o retroiluminado movem os slides para frente \/ para tr\u00e1s, escurecem a tela e ativam o apontador laser verde<br \/>\nAlcance sem fio estendido de 45 metros para percorrer a sala<br \/>\nArmazenamento interno para receptor USB sem fio para que n\u00e3o se perca<br \/>\nConex\u00e3o USB sem fio Plug &amp; Play de 2,4 GHz<br \/>\nPega confort\u00e1vel com contornos especiais para a m\u00e3o<br \/>\nCompat\u00edvel com Windows 10, 8.1, 8, 7 e Mac OS X<\/p>\n<p><small><br \/>\nA <strong>Movitronics<\/strong> \u00e9 uma empresa distribuidora de <strong>Apresentadores sem Fio<\/strong>.<br \/>\nSomos representantes da Kensington no Brasil, empresa l\u00edder internacional no segmento de perif\u00e9ricos de inform\u00e1tica.<br \/>\nPossu\u00edmos diversos modelos de <strong> Apresentadores sem fio <\/strong>.<br \/>\nSomos fornecedores de produtos de inform\u00e1tica e trabalhamos exclusivamente com vendas corporativas.<br \/>\nSe sua empresa est\u00e1 procurando produtos de inform\u00e1tica como <strong> Apresentadores sem fio <\/strong>, travas para notebook, Mouses ou demais perif\u00e9ricos voc\u00ea pode consultar os produtos em nosso site ou solicitar um cat\u00e1logo completo.<br \/>\n<\/small><\/p>\n","protected":false},"excerpt":{"rendered":"<p class=\"excerpt\">8GB de mem\u00f3ria Armazene sua apresenta\u00e7\u00e3o no cart\u00e3o Micro SD inclu\u00eddo que se encaixa em seu receptor USB para que voc\u00ea n\u00e3o tenha que se preocupar em esquecer seu pen drive ou conectar seu laptop a uma configura\u00e7\u00e3o desconhecida Joystick de controle do cursor Oferece controle total do dispositivo para que voc\u00ea possa usar o [&hellip;]<\/p>\n","protected":false},"featured_media":2000,"comment_status":"closed","ping_status":"closed","template":"","meta":[],"product_cat":[97],"product_tag":[],"_links":{"self":[{"href":"https:\/\/movitronics.com.br\/store\/wp-json\/wp\/v2\/product\/1999"}],"collection":[{"href":"https:\/\/movitronics.com.br\/store\/wp-json\/wp\/v2\/product"}],"about":[{"href":"https:\/\/movitronics.com.br\/store\/wp-json\/wp\/v2\/types\/product"}],"replies":[{"embeddable":true,"href":"https:\/\/movitronics.com.br\/store\/wp-json\/wp\/v2\/comments?post=1999"}],"wp:featuredmedia":[{"embeddable":true,"href":"https:\/\/movitronics.com.br\/store\/wp-json\/wp\/v2\/media\/2000"}],"wp:attachment":[{"href":"https:\/\/movitronics.com.br\/store\/wp-json\/wp\/v2\/media?parent=1999"}],"wp:term":[{"taxonomy":"product_cat","embeddable":true,"href":"https:\/\/movitronics.com.br\/store\/wp-json\/wp\/v2\/product_cat?post=1999"},{"taxonomy":"product_tag","embeddable":true,"href":"https:\/\/movitronics.com.br\/store\/wp-json\/wp\/v2\/product_tag?post=1999"}],"curies":[{"name":"wp","href":"https:\/\/api.w.org\/{rel}","templated":true}]}}