{"id":2001,"date":"2021-07-28T10:20:32","date_gmt":"2021-07-28T13:20:32","guid":{"rendered":"https:\/\/movitronics.com.br\/store\/?post_type=product&#038;p=2001"},"modified":"2023-11-13T18:16:59","modified_gmt":"2023-11-13T21:16:59","slug":"apresentador-profissional-sem-fio-com-laser-verde-e-memoria","status":"publish","type":"product","link":"https:\/\/movitronics.com.br\/store\/loja\/informatica\/kensington\/apresentador-profissional-sem-fio-com-laser-verde-e-memoria\/","title":{"rendered":"Apresentador profissional sem fio com laser verde e mem\u00f3ria"},"content":{"rendered":"<p>Cart\u00e3o de mem\u00f3ria de 2GB para guardar apresenta\u00e7\u00f5es e outros dados (incluso)<br \/>\nLaser verde ultrabrilhante que pode ser usado em qualquer situa\u00e7\u00e3o<br \/>\nSensor wireless de 2,4GHz que aumenta a dist\u00e2ncia de opera\u00e7\u00e3o para at\u00e9 45 metros<br \/>\nFunciona com PowerPoint\u00ae, Keynote\u2122, Office Works e Google Works<br \/>\nCompat\u00edvel com Windows\u00ae 8<br \/>\nAcompanha estojo para carregar e proteger o seu apresentador<br \/>\n3 anos de garantia<\/p>\n<p><small><br \/>\nA <strong>Movitronics<\/strong> \u00e9 uma empresa distribuidora de <strong>Apresentadores sem Fio<\/strong>.<br \/>\nSomos representantes da Kensington no Brasil, empresa l\u00edder internacional no segmento de perif\u00e9ricos de inform\u00e1tica.<br \/>\nPossu\u00edmos diversos modelos de <strong> Apresentadores sem fio <\/strong>.<br \/>\nSomos fornecedores de produtos de inform\u00e1tica e trabalhamos exclusivamente com vendas corporativas.<br \/>\nSe sua empresa est\u00e1 procurando produtos de inform\u00e1tica como <strong> Apresentadores sem fio <\/strong>, travas para notebook, Mouses ou demais perif\u00e9ricos voc\u00ea pode consultar os produtos em nosso site ou solicitar um cat\u00e1logo completo.<br \/>\n<\/small><\/p>\n","protected":false},"excerpt":{"rendered":"<p class=\"excerpt\">Cart\u00e3o de mem\u00f3ria de 2GB para guardar apresenta\u00e7\u00f5es e outros dados (incluso) Laser verde ultrabrilhante que pode ser usado em qualquer situa\u00e7\u00e3o Sensor wireless de 2,4GHz que aumenta a dist\u00e2ncia de opera\u00e7\u00e3o para at\u00e9 45 metros Funciona com PowerPoint\u00ae, Keynote\u2122, Office Works e Google Works Compat\u00edvel com Windows\u00ae 8 Acompanha estojo para carregar e proteger [&hellip;]<\/p>\n","protected":false},"featured_media":2002,"comment_status":"closed","ping_status":"closed","template":"","meta":[],"product_cat":[97],"product_tag":[],"_links":{"self":[{"href":"https:\/\/movitronics.com.br\/store\/wp-json\/wp\/v2\/product\/2001"}],"collection":[{"href":"https:\/\/movitronics.com.br\/store\/wp-json\/wp\/v2\/product"}],"about":[{"href":"https:\/\/movitronics.com.br\/store\/wp-json\/wp\/v2\/types\/product"}],"replies":[{"embeddable":true,"href":"https:\/\/movitronics.com.br\/store\/wp-json\/wp\/v2\/comments?post=2001"}],"wp:featuredmedia":[{"embeddable":true,"href":"https:\/\/movitronics.com.br\/store\/wp-json\/wp\/v2\/media\/2002"}],"wp:attachment":[{"href":"https:\/\/movitronics.com.br\/store\/wp-json\/wp\/v2\/media?parent=2001"}],"wp:term":[{"taxonomy":"product_cat","embeddable":true,"href":"https:\/\/movitronics.com.br\/store\/wp-json\/wp\/v2\/product_cat?post=2001"},{"taxonomy":"product_tag","embeddable":true,"href":"https:\/\/movitronics.com.br\/store\/wp-json\/wp\/v2\/product_tag?post=2001"}],"curies":[{"name":"wp","href":"https:\/\/api.w.org\/{rel}","templated":true}]}}