{"id":2007,"date":"2021-07-28T10:32:24","date_gmt":"2021-07-28T13:32:24","guid":{"rendered":"https:\/\/movitronics.com.br\/store\/?post_type=product&#038;p=2007"},"modified":"2023-11-13T18:15:40","modified_gmt":"2023-11-13T21:15:40","slug":"apresentador-ultimate-sem-fio-com-virtual-point-e-memoria","status":"publish","type":"product","link":"https:\/\/movitronics.com.br\/store\/loja\/informatica\/kensington\/apresentador-ultimate-sem-fio-com-virtual-point-e-memoria\/","title":{"rendered":"Apresentador Ultimate sem Fio, com Virtual Point e Mem\u00f3ria"},"content":{"rendered":"<p>&#8211; A tecnologia de ponteiro virtual permite que o ponteiro seja visto em v\u00e1rias telas de apresenta\u00e7\u00e3o simultaneamente (telas de proje\u00e7\u00e3o tradicionais, telas de TV, telas de LED e quadros interativos).<br \/>\n&#8211; O design ergon\u00f4mico minimiza a tor\u00e7\u00e3o do pulso e maximiza o conforto, com layout de 4 bot\u00f5es intuitivo.<br \/>\n&#8211; Permite que participantes remotos vejam o ponteiro na tela ao utilizar ferramentas de reuni\u00f5es pela Web como WebEx\u00ae, GoToMeeting\u00ae, Skype\u2122 e join.me\u00ae.<br \/>\n&#8211; O software KensingtonWorks\u2122 permite a personaliza\u00e7\u00e3o do tamanho, formato e velocidade do ponteiro de acordo com o seu estilo de apresenta\u00e7\u00e3o.<br \/>\n&#8211; O Receptor de 2.4GHz com Cart\u00e3o MicroSD propicia at\u00e9 20 metros de alcance sem fio e tem capacidade de expans\u00e3o de mem\u00f3ria de at\u00e9 32GB.<br \/>\n&#8211; Dispositivo Plug &amp; Play.<br \/>\n&#8211; Compatibilidade: Windows\u00ae 10\/8.1\/7 e Mac OS\u00ae X.<\/p>\n<p>&nbsp;<\/p>\n<p><small><br \/>\nA <strong>Movitronics<\/strong> \u00e9 uma empresa distribuidora de <strong>Apresentadores sem Fio<\/strong>.<br \/>\nSomos representantes da Kensington no Brasil, empresa l\u00edder internacional no segmento de perif\u00e9ricos de inform\u00e1tica.<br \/>\nPossu\u00edmos diversos modelos de <strong> Apresentadores sem fio <\/strong>.<br \/>\nSomos fornecedores de produtos de inform\u00e1tica e trabalhamos exclusivamente com vendas corporativas.<br \/>\nSe sua empresa est\u00e1 procurando produtos de inform\u00e1tica como <strong> Apresentadores sem fio <\/strong>, travas para notebook, Mouses ou demais perif\u00e9ricos voc\u00ea pode consultar os produtos em nosso site ou solicitar um cat\u00e1logo completo.<br \/>\n<\/small><\/p>\n","protected":false},"excerpt":{"rendered":"<p class=\"excerpt\">&#8211; A tecnologia de ponteiro virtual permite que o ponteiro seja visto em v\u00e1rias telas de apresenta\u00e7\u00e3o simultaneamente (telas de proje\u00e7\u00e3o tradicionais, telas de TV, telas de LED e quadros interativos). &#8211; O design ergon\u00f4mico minimiza a tor\u00e7\u00e3o do pulso e maximiza o conforto, com layout de 4 bot\u00f5es intuitivo. &#8211; Permite que participantes remotos [&hellip;]<\/p>\n","protected":false},"featured_media":2008,"comment_status":"closed","ping_status":"closed","template":"","meta":[],"product_cat":[97],"product_tag":[],"_links":{"self":[{"href":"https:\/\/movitronics.com.br\/store\/wp-json\/wp\/v2\/product\/2007"}],"collection":[{"href":"https:\/\/movitronics.com.br\/store\/wp-json\/wp\/v2\/product"}],"about":[{"href":"https:\/\/movitronics.com.br\/store\/wp-json\/wp\/v2\/types\/product"}],"replies":[{"embeddable":true,"href":"https:\/\/movitronics.com.br\/store\/wp-json\/wp\/v2\/comments?post=2007"}],"wp:featuredmedia":[{"embeddable":true,"href":"https:\/\/movitronics.com.br\/store\/wp-json\/wp\/v2\/media\/2008"}],"wp:attachment":[{"href":"https:\/\/movitronics.com.br\/store\/wp-json\/wp\/v2\/media?parent=2007"}],"wp:term":[{"taxonomy":"product_cat","embeddable":true,"href":"https:\/\/movitronics.com.br\/store\/wp-json\/wp\/v2\/product_cat?post=2007"},{"taxonomy":"product_tag","embeddable":true,"href":"https:\/\/movitronics.com.br\/store\/wp-json\/wp\/v2\/product_tag?post=2007"}],"curies":[{"name":"wp","href":"https:\/\/api.w.org\/{rel}","templated":true}]}}