{"id":2015,"date":"2022-07-15T10:01:46","date_gmt":"2022-07-15T13:01:46","guid":{"rendered":"https:\/\/movitronics.com.br\/store\/?post_type=product&#038;p=2015"},"modified":"2022-07-19T12:30:54","modified_gmt":"2022-07-19T15:30:54","slug":"ag1700","status":"publish","type":"product","link":"https:\/\/movitronics.com.br\/store\/loja\/redes-e-telecom\/aligera\/ag1700\/","title":{"rendered":"Media Gateway Aligera AG1700"},"content":{"rendered":"<p>O Media Gateway Aligera AG1700 \u00e9 uma solu\u00e7\u00e3o para interconex\u00e3o a redes de sinaliza\u00e7\u00e3o SS7 com capacidade para at\u00e9 16 interfaces E1 e fun\u00e7\u00f5es avan\u00e7adas de transcodifica\u00e7\u00e3o de m\u00eddia e cancelamento de eco para melhor qualidade na presta\u00e7\u00e3o dos servi\u00e7os de voz. O AG1700 combina as fun\u00e7\u00f5es de sinaliza\u00e7\u00e3o e\u00a0media em um mesmo equipamento, com tamanho reduzido, alta densidade de interfaces E1, economia de espa\u00e7o e energia al\u00e9m de menores custos de manuten\u00e7\u00e3o e suporte.<\/p>\n","protected":false},"excerpt":{"rendered":"<p class=\"excerpt\">DESTAQUES DO EQUIPAMENTO<br \/>\nAt\u00e9 16 interfaces E1<br \/>\nCancelamento de eco por hardware de at\u00e9 128ms<br \/>\nM\u00faltiplos enlaces de sinaliza\u00e7\u00e3o<br \/>\nSIGTRAN M2PA<br \/>\nTransporte MTP3 sobre TDP<br \/>\nMapeamento ISUP \u2194 SIP<br \/>\nConfigura\u00e7\u00e3o via WEB ou CLI<br \/>\nMonitoramento e alarmes por SNMP<br \/>\nFerramenta de depura\u00e7\u00e3o e captura de pacotes SIP e RTP<br \/>\nInteroper\u00e1vel com AG1000<br \/>\nDuas interfaces Ethernet: 10\/100\/1000 Mbit\/s<br \/>\nCodecs: G.729 e G.711<br \/>\nTransporte seguro dos pacotes RTP (SRTP)<\/p>\n","protected":false},"featured_media":2064,"comment_status":"closed","ping_status":"closed","template":"","meta":[],"product_cat":[111,120,117],"product_tag":[84,115,116,114,113],"_links":{"self":[{"href":"https:\/\/movitronics.com.br\/store\/wp-json\/wp\/v2\/product\/2015"}],"collection":[{"href":"https:\/\/movitronics.com.br\/store\/wp-json\/wp\/v2\/product"}],"about":[{"href":"https:\/\/movitronics.com.br\/store\/wp-json\/wp\/v2\/types\/product"}],"replies":[{"embeddable":true,"href":"https:\/\/movitronics.com.br\/store\/wp-json\/wp\/v2\/comments?post=2015"}],"wp:featuredmedia":[{"embeddable":true,"href":"https:\/\/movitronics.com.br\/store\/wp-json\/wp\/v2\/media\/2064"}],"wp:attachment":[{"href":"https:\/\/movitronics.com.br\/store\/wp-json\/wp\/v2\/media?parent=2015"}],"wp:term":[{"taxonomy":"product_cat","embeddable":true,"href":"https:\/\/movitronics.com.br\/store\/wp-json\/wp\/v2\/product_cat?post=2015"},{"taxonomy":"product_tag","embeddable":true,"href":"https:\/\/movitronics.com.br\/store\/wp-json\/wp\/v2\/product_tag?post=2015"}],"curies":[{"name":"wp","href":"https:\/\/api.w.org\/{rel}","templated":true}]}}