{"id":2017,"date":"2022-07-15T10:08:47","date_gmt":"2022-07-15T13:08:47","guid":{"rendered":"https:\/\/movitronics.com.br\/store\/?post_type=product&#038;p=2017"},"modified":"2022-07-19T12:08:58","modified_gmt":"2022-07-19T15:08:58","slug":"ag506","status":"publish","type":"product","link":"https:\/\/movitronics.com.br\/store\/loja\/redes-e-telecom\/aligera\/ag506\/","title":{"rendered":"Gateway de Transporte E1 Aligera AG506"},"content":{"rendered":"<p>O Gateway TDMoI AG506 possibilita o transporte transparente de E1s para prover a interconex\u00e3o SS7, bem como o transporte para voz ponto-a-ponto e voz a longa dist\u00e2ncia.\u00a0O protocolo desenvolvido pela Aligera utiliza m\u00e9todos avan\u00e7ados de sincronismo e re-sequenciamento de pacotes necess\u00e1rios para a emula\u00e7\u00e3o dos circuitos TDM de voz sobre redes IP.<\/p>\n","protected":false},"excerpt":{"rendered":"<div id=\"stacks_out_215\" class=\"stacks_out\">\n<div id=\"stacks_in_215\" class=\"stacks_in com_bigwhiteduck_stacks_headerpro_stack\">\n<h6 class=\"header-pro text-left custom-font g-font custom \"><span class=\"h-pro\"><span class=\"hTxt primary custom-font g-font \">DESTAQUES DO EQUIPAMENTO<\/span><\/span><\/h6>\n<div class=\"slice empty out\">\n<div class=\"slice empty in\"><\/div>\n<\/div>\n<\/div>\n<\/div>\n<div id=\"stacks_out_1696\" class=\"stacks_out\">\n<div id=\"stacks_in_1696\" class=\"stacks_in com_marathia_stacks_fancyline_stack\">\n<hr \/>\n<\/div>\n<\/div>\n<div id=\"stacks_out_220\" class=\"stacks_out\">\n<div id=\"stacks_in_220\" class=\"stacks_in com_elixir_stacks_foundryParagraph_stack\">\n<ul>\n<li>Duas interfaces E1 padr\u00e3o ITU-T G.703<\/li>\n<li>Transmiss\u00e3o transparente de sinaliza\u00e7\u00e3o e canais de voz<\/li>\n<li>Buffer de pacote configur\u00e1vel para acomodar diferentes atrasos de rede<\/li>\n<li>Recupera\u00e7\u00e3o de rel\u00f3gio pela rede IP<\/li>\n<li>Configura\u00e7\u00e3o web simples<\/li>\n<\/ul>\n<\/div>\n<\/div>\n","protected":false},"featured_media":2043,"comment_status":"closed","ping_status":"closed","template":"","meta":[],"product_cat":[111,119],"product_tag":[84,115,114,113],"_links":{"self":[{"href":"https:\/\/movitronics.com.br\/store\/wp-json\/wp\/v2\/product\/2017"}],"collection":[{"href":"https:\/\/movitronics.com.br\/store\/wp-json\/wp\/v2\/product"}],"about":[{"href":"https:\/\/movitronics.com.br\/store\/wp-json\/wp\/v2\/types\/product"}],"replies":[{"embeddable":true,"href":"https:\/\/movitronics.com.br\/store\/wp-json\/wp\/v2\/comments?post=2017"}],"wp:featuredmedia":[{"embeddable":true,"href":"https:\/\/movitronics.com.br\/store\/wp-json\/wp\/v2\/media\/2043"}],"wp:attachment":[{"href":"https:\/\/movitronics.com.br\/store\/wp-json\/wp\/v2\/media?parent=2017"}],"wp:term":[{"taxonomy":"product_cat","embeddable":true,"href":"https:\/\/movitronics.com.br\/store\/wp-json\/wp\/v2\/product_cat?post=2017"},{"taxonomy":"product_tag","embeddable":true,"href":"https:\/\/movitronics.com.br\/store\/wp-json\/wp\/v2\/product_tag?post=2017"}],"curies":[{"name":"wp","href":"https:\/\/api.w.org\/{rel}","templated":true}]}}