{"id":2019,"date":"2022-07-15T10:14:27","date_gmt":"2022-07-15T13:14:27","guid":{"rendered":"https:\/\/movitronics.com.br\/store\/?post_type=product&#038;p=2019"},"modified":"2022-07-19T12:04:05","modified_gmt":"2022-07-19T15:04:05","slug":"ag561","status":"publish","type":"product","link":"https:\/\/movitronics.com.br\/store\/loja\/redes-e-telecom\/aligera\/ag561\/","title":{"rendered":"Gateway SIP E1 Aligera AG561"},"content":{"rendered":"<p>O AG561 \u00e9 um Gateway SIP E1 compacto, de baixo consumo, n\u00e3o necessita ventila\u00e7\u00e3o for\u00e7ada, trabalha silenciosamente, \u00e9 confi\u00e1vel e dur\u00e1vel. Com uma interface de configura\u00e7\u00e3o WEB minimalista permite que as informa\u00e7\u00f5es mais relevantes sejam de f\u00e1cil configura\u00e7\u00e3o. As configura\u00e7\u00f5es mais complexas s\u00e3o acess\u00edveis atrav\u00e9s de uma interface de comando de linha (CLI) bastante flex\u00edvel e\u00a0intuitiva.<br \/>\nO AG561 suporta at\u00e9 30 canais de voz, traduz a sinaliza\u00e7\u00e3o entre a rede TDM e SIP, realiza a convers\u00e3o e transcodifica\u00e7\u00e3o de m\u00eddia com suporte a v\u00e1rios codecs e conta com com capacidade avan\u00e7ada de cancelamento de eco em todos os canais simultaneamente e suporte aos servi\u00e7os de fax em T. 38.<\/p>\n","protected":false},"excerpt":{"rendered":"<div id=\"stacks_out_215\" class=\"stacks_out\">\n<div id=\"stacks_in_215\" class=\"stacks_in com_bigwhiteduck_stacks_headerpro_stack\">\n<h6 class=\"header-pro text-left custom-font g-font custom \"><span class=\"h-pro\"><span class=\"hTxt primary custom-font g-font \">DESTAQUES DO EQUIPAMENTO<\/span><\/span><\/h6>\n<div class=\"slice empty out\">\n<div class=\"slice empty in\"><\/div>\n<\/div>\n<\/div>\n<\/div>\n<div id=\"stacks_out_1696\" class=\"stacks_out\">\n<div id=\"stacks_in_1696\" class=\"stacks_in com_marathia_stacks_fancyline_stack\">\n<hr \/>\n<\/div>\n<\/div>\n<div id=\"stacks_out_220\" class=\"stacks_out\">\n<div id=\"stacks_in_220\" class=\"stacks_in com_elixir_stacks_foundryParagraph_stack\">\n<ul>\n<li>Uma interface E1 padr\u00e3o ITU-T G. 703<\/li>\n<li>Cancelamento de eco por hardware de at\u00e9 128ms<\/li>\n<li>Sinaliza\u00e7\u00e3o R2 e ISDN<\/li>\n<li>Homologado nas principais operadoras<\/li>\n<li>Suporte a SIP PRACK<\/li>\n<li>Supress\u00e3o sil\u00eancio, gera\u00e7\u00e3o de ru\u00eddo de conforto (CNG)<\/li>\n<li>Detec\u00e7\u00e3o de atividade de voz (VAD)<\/li>\n<li>Configura\u00e7\u00e3o via WEB ou CLI<\/li>\n<li>Auto-provisionamento por TFTP<\/li>\n<li>Codecs: G.729, G.723, G.726 e G.711<\/li>\n<li>Suporte a Fax e Modem (T.38 e G.711)<\/li>\n<li>Marca\u00e7\u00e3o dos pacotes IP e VLAN<\/li>\n<li>Acesso seguro por HTTPS ou SSH<\/li>\n<\/ul>\n<\/div>\n<\/div>\n","protected":false},"featured_media":2041,"comment_status":"closed","ping_status":"closed","template":"","meta":[],"product_cat":[111,112],"product_tag":[84,115,116,114,113],"_links":{"self":[{"href":"https:\/\/movitronics.com.br\/store\/wp-json\/wp\/v2\/product\/2019"}],"collection":[{"href":"https:\/\/movitronics.com.br\/store\/wp-json\/wp\/v2\/product"}],"about":[{"href":"https:\/\/movitronics.com.br\/store\/wp-json\/wp\/v2\/types\/product"}],"replies":[{"embeddable":true,"href":"https:\/\/movitronics.com.br\/store\/wp-json\/wp\/v2\/comments?post=2019"}],"wp:featuredmedia":[{"embeddable":true,"href":"https:\/\/movitronics.com.br\/store\/wp-json\/wp\/v2\/media\/2041"}],"wp:attachment":[{"href":"https:\/\/movitronics.com.br\/store\/wp-json\/wp\/v2\/media?parent=2019"}],"wp:term":[{"taxonomy":"product_cat","embeddable":true,"href":"https:\/\/movitronics.com.br\/store\/wp-json\/wp\/v2\/product_cat?post=2019"},{"taxonomy":"product_tag","embeddable":true,"href":"https:\/\/movitronics.com.br\/store\/wp-json\/wp\/v2\/product_tag?post=2019"}],"curies":[{"name":"wp","href":"https:\/\/api.w.org\/{rel}","templated":true}]}}