{"id":2025,"date":"2022-07-15T10:25:04","date_gmt":"2022-07-15T13:25:04","guid":{"rendered":"https:\/\/movitronics.com.br\/store\/?post_type=product&#038;p=2025"},"modified":"2022-07-19T10:30:33","modified_gmt":"2022-07-19T13:30:33","slug":"ag800","status":"publish","type":"product","link":"https:\/\/movitronics.com.br\/store\/loja\/redes-e-telecom\/aligera\/ag800\/","title":{"rendered":"MultiGateway SIP &#8211; AG800"},"content":{"rendered":"<p>O NOVO MultiGateway SIP Modular \u00e9 voltado para aplica\u00e7\u00f5es que necessitam de alto desempenho, confiabilidade, qualidade e escalabilidade.<br \/>\nEquipamento preparado para receber sua aplica\u00e7\u00e3o de software para telefonia, dispon\u00edvel como Media Gateway Server e tamb\u00e9m em 1E1 | 2E1 | 4E1 | 6E1 | 8E1 | 10E1 | 12E1 | 16E1, e voc\u00ea ainda tem a op\u00e7\u00e3o de montar a solu\u00e7\u00e3o de acordo com sua necessidade de E1\u00b4s.<br \/>\nCompat\u00edvel com aplica\u00e7\u00f5es de PABX IP, Softswitch, SBC, URA, Discador,\u00a0Classificador, Preditivo, Telephony Analytics, Cloud PBX IP, entre outras topologias.<br \/>\nTodas as pe\u00e7as s\u00e3o selecionadas com rigorosos crit\u00e9rios de desempenho, estabilidade e durabilidade para atender aplica\u00e7\u00f5es cr\u00edticas suas e de seus clientes.<br \/>\nCombinadas com nossas placas digitais para suporte de at\u00e9 16 interfaces digitais E1, conferem \u00e0 nossa plataforma uma flexibilidade sem igual para o mercado profissional de telecomunica\u00e7\u00f5es e telefonia IP.<\/p>\n","protected":false},"excerpt":{"rendered":"<div id=\"stacks_out_215\" class=\"stacks_out\">\n<div id=\"stacks_in_215\" class=\"stacks_in com_bigwhiteduck_stacks_headerpro_stack\">\n<h6 class=\"header-pro text-left custom-font g-font custom \"><span class=\"h-pro\"><span class=\"hTxt primary custom-font g-font \">DESTAQUES DO EQUIPAMENTO<\/span><\/span><\/h6>\n<div class=\"slice empty out\">\n<div class=\"slice empty in\"><\/div>\n<\/div>\n<\/div>\n<\/div>\n<div id=\"stacks_out_1696\" class=\"stacks_out\">\n<div id=\"stacks_in_1696\" class=\"stacks_in com_marathia_stacks_fancyline_stack\">\n<hr \/>\n<\/div>\n<\/div>\n<div id=\"stacks_out_220\" class=\"stacks_out\">\n<div id=\"stacks_in_220\" class=\"stacks_in com_elixir_stacks_foundryParagraph_stack\">\n<ul>\n<li>Fonte de alimenta\u00e7\u00e3o com alto rendimento e corre\u00e7\u00e3o do fator de pot\u00eancia<\/li>\n<li>\u201cCoolers\u201d silenciosos<\/li>\n<li>Hardware de alta performance<\/li>\n<li>Gabinete compacto, com 1,5U de altura com profundidade reduzida para instala\u00e7\u00e3o em racks<\/li>\n<\/ul>\n<\/div>\n<\/div>\n","protected":false},"featured_media":2034,"comment_status":"closed","ping_status":"closed","template":"","meta":[],"product_cat":[111,118],"product_tag":[116],"_links":{"self":[{"href":"https:\/\/movitronics.com.br\/store\/wp-json\/wp\/v2\/product\/2025"}],"collection":[{"href":"https:\/\/movitronics.com.br\/store\/wp-json\/wp\/v2\/product"}],"about":[{"href":"https:\/\/movitronics.com.br\/store\/wp-json\/wp\/v2\/types\/product"}],"replies":[{"embeddable":true,"href":"https:\/\/movitronics.com.br\/store\/wp-json\/wp\/v2\/comments?post=2025"}],"wp:featuredmedia":[{"embeddable":true,"href":"https:\/\/movitronics.com.br\/store\/wp-json\/wp\/v2\/media\/2034"}],"wp:attachment":[{"href":"https:\/\/movitronics.com.br\/store\/wp-json\/wp\/v2\/media?parent=2025"}],"wp:term":[{"taxonomy":"product_cat","embeddable":true,"href":"https:\/\/movitronics.com.br\/store\/wp-json\/wp\/v2\/product_cat?post=2025"},{"taxonomy":"product_tag","embeddable":true,"href":"https:\/\/movitronics.com.br\/store\/wp-json\/wp\/v2\/product_tag?post=2025"}],"curies":[{"name":"wp","href":"https:\/\/api.w.org\/{rel}","templated":true}]}}