{"id":2027,"date":"2022-07-15T10:28:05","date_gmt":"2022-07-15T13:28:05","guid":{"rendered":"https:\/\/movitronics.com.br\/store\/?post_type=product&#038;p=2027"},"modified":"2022-07-19T10:35:34","modified_gmt":"2022-07-19T13:35:34","slug":"placas-digitais-e1","status":"publish","type":"product","link":"https:\/\/movitronics.com.br\/store\/loja\/redes-e-telecom\/aligera\/placas-digitais-e1\/","title":{"rendered":"PLACAS DIGITAIS E1"},"content":{"rendered":"<p>A linha de placas digitais E1 da Aligera \u00e9 composta por placas para barramento PCI Express, com 1, 2, 4 e 8 portas E1 que executam a fun\u00e7\u00e3o de interface digital de voz.<br \/>\nF\u00e1ceis de instalar, possuem drivers em c\u00f3digo aberto compat\u00edveis com solu\u00e7\u00f5es Asterisk, Freeswitch, Yate e demais solu\u00e7\u00f5es que utilizam o padr\u00e3o DAHDI (Digium\u00ae\u00a0Asterisk Hardware Device Interface).<br \/>\nComo importante opcional as placas possuem o M\u00f3dulo de Cancelamento de Eco em hardware dedicado de at\u00e9 128ms em todos os canais, garantindo excelente qualidade de \u00e1udio durante a conversa\u00e7\u00e3o.<\/p>\n","protected":false},"excerpt":{"rendered":"<div id=\"stacks_out_215\" class=\"stacks_out\">\n<div id=\"stacks_in_215\" class=\"stacks_in com_bigwhiteduck_stacks_headerpro_stack\">\n<h6 class=\"header-pro text-left custom-font g-font custom \"><span class=\"h-pro\"><span class=\"hTxt primary custom-font g-font \">DESTAQUES DO EQUIPAMENTO<\/span><\/span><\/h6>\n<div class=\"slice empty out\">\n<div class=\"slice empty in\"><\/div>\n<\/div>\n<\/div>\n<\/div>\n<div id=\"stacks_out_1696\" class=\"stacks_out\">\n<div id=\"stacks_in_1696\" class=\"stacks_in com_marathia_stacks_fancyline_stack\">\n<hr \/>\n<\/div>\n<\/div>\n<div id=\"stacks_out_220\" class=\"stacks_out\">\n<div id=\"stacks_in_220\" class=\"stacks_in com_elixir_stacks_foundryParagraph_stack\">\n<ul>\n<li>Modelos com 1, 2 4 ou 8 interfaces E1<\/li>\n<li>Interface PCI Express<\/li>\n<li>Drivers de c\u00f3digo aberto<\/li>\n<li>Compat\u00edvel com Asterisk, Freeswitch, Yate<\/li>\n<li>Cancelamento de eco por hardware de at\u00e9 128ms<\/li>\n<\/ul>\n<\/div>\n<\/div>\n","protected":false},"featured_media":2035,"comment_status":"closed","ping_status":"closed","template":"","meta":[],"product_cat":[111,118],"product_tag":[84,115,116,114],"_links":{"self":[{"href":"https:\/\/movitronics.com.br\/store\/wp-json\/wp\/v2\/product\/2027"}],"collection":[{"href":"https:\/\/movitronics.com.br\/store\/wp-json\/wp\/v2\/product"}],"about":[{"href":"https:\/\/movitronics.com.br\/store\/wp-json\/wp\/v2\/types\/product"}],"replies":[{"embeddable":true,"href":"https:\/\/movitronics.com.br\/store\/wp-json\/wp\/v2\/comments?post=2027"}],"wp:featuredmedia":[{"embeddable":true,"href":"https:\/\/movitronics.com.br\/store\/wp-json\/wp\/v2\/media\/2035"}],"wp:attachment":[{"href":"https:\/\/movitronics.com.br\/store\/wp-json\/wp\/v2\/media?parent=2027"}],"wp:term":[{"taxonomy":"product_cat","embeddable":true,"href":"https:\/\/movitronics.com.br\/store\/wp-json\/wp\/v2\/product_cat?post=2027"},{"taxonomy":"product_tag","embeddable":true,"href":"https:\/\/movitronics.com.br\/store\/wp-json\/wp\/v2\/product_tag?post=2027"}],"curies":[{"name":"wp","href":"https:\/\/api.w.org\/{rel}","templated":true}]}}