{"id":2029,"date":"2022-07-15T10:31:01","date_gmt":"2022-07-15T13:31:01","guid":{"rendered":"https:\/\/movitronics.com.br\/store\/?post_type=product&#038;p=2029"},"modified":"2022-07-19T10:21:44","modified_gmt":"2022-07-19T13:21:44","slug":"ag3000","status":"publish","type":"product","link":"https:\/\/movitronics.com.br\/store\/loja\/redes-e-telecom\/aligera\/ag3000\/","title":{"rendered":"Media Gateway Aligera &#8211; AG3000"},"content":{"rendered":"<p>A alta tecnologia embarcada do AG3000, aliada ao poderoso sistema operacional AGOS, permite solu\u00e7\u00f5es de grandes densidades, elevada performance e, principalmente, flexibilidade: por meio do AGOS voc\u00ea escolhe as aplica\u00e7\u00f5es de acordo com a sua necessidade. E, ainda, tem a op\u00e7\u00e3o de escolher especifica\u00e7\u00f5es: fonte \u00fanica ou fonte redundante, display integrado ou n\u00e3o, porta USB e at\u00e9 duas\u00a0portas ethernet 1Gbit\/s ou portas SFPs. O que n\u00e3o muda \u00e9 o tamanho compacto: apenas 1U de altura e 19\u201d de largura.<br \/>\nVoltado para os segmentos Professional e Enterprise o AG3000 atende de pequenas empresas a grandes corpora\u00e7\u00f5es, com solu\u00e7\u00f5es de 2E1s at\u00e9 32E1s. Ideal para o mercado ISP, Call Centers, Integradores e Grandes Operadoras.<\/p>\n","protected":false},"excerpt":{"rendered":"<div id=\"stacks_out_215\" class=\"stacks_out\">\n<div id=\"stacks_in_215\" class=\"stacks_in com_bigwhiteduck_stacks_headerpro_stack\">\n<h6 class=\"header-pro text-left custom-font g-font custom \"><span class=\"h-pro\"><span class=\"hTxt primary custom-font g-font \">DESTAQUES DO EQUIPAMENTO<\/span><\/span><\/h6>\n<div class=\"slice empty out\">\n<div class=\"slice empty in\"><\/div>\n<\/div>\n<\/div>\n<\/div>\n<div id=\"stacks_out_1696\" class=\"stacks_out\">\n<div id=\"stacks_in_1696\" class=\"stacks_in com_marathia_stacks_fancyline_stack\">\n<hr \/>\n<\/div>\n<\/div>\n<div id=\"stacks_out_220\" class=\"stacks_out\">\n<div id=\"stacks_in_220\" class=\"stacks_in com_elixir_stacks_foundryParagraph_stack\">\n<ul>\n<li>At\u00e9 32 portas E1<\/li>\n<li>Media Gateway, interconex\u00e3o e SBC<\/li>\n<li>Sinaliza\u00e7\u00e3o R2\/ISDN,\u00a0SS7, SIGTRAN, SIP-I<\/li>\n<li>A maior densidade em apenas 1U de altura<\/li>\n<li>Suporta novo sistema operacional AGOS<\/li>\n<li>Op\u00e7\u00e3o fonte redundante e SFP (conex\u00e3o fibra)<\/li>\n<\/ul>\n<\/div>\n<\/div>\n","protected":false},"featured_media":2033,"comment_status":"closed","ping_status":"closed","template":"","meta":[],"product_cat":[111,117],"product_tag":[115,116,114],"_links":{"self":[{"href":"https:\/\/movitronics.com.br\/store\/wp-json\/wp\/v2\/product\/2029"}],"collection":[{"href":"https:\/\/movitronics.com.br\/store\/wp-json\/wp\/v2\/product"}],"about":[{"href":"https:\/\/movitronics.com.br\/store\/wp-json\/wp\/v2\/types\/product"}],"replies":[{"embeddable":true,"href":"https:\/\/movitronics.com.br\/store\/wp-json\/wp\/v2\/comments?post=2029"}],"wp:featuredmedia":[{"embeddable":true,"href":"https:\/\/movitronics.com.br\/store\/wp-json\/wp\/v2\/media\/2033"}],"wp:attachment":[{"href":"https:\/\/movitronics.com.br\/store\/wp-json\/wp\/v2\/media?parent=2029"}],"wp:term":[{"taxonomy":"product_cat","embeddable":true,"href":"https:\/\/movitronics.com.br\/store\/wp-json\/wp\/v2\/product_cat?post=2029"},{"taxonomy":"product_tag","embeddable":true,"href":"https:\/\/movitronics.com.br\/store\/wp-json\/wp\/v2\/product_tag?post=2029"}],"curies":[{"name":"wp","href":"https:\/\/api.w.org\/{rel}","templated":true}]}}