{"id":2120,"date":"2023-06-24T17:01:22","date_gmt":"2023-06-24T20:01:22","guid":{"rendered":"https:\/\/movitronics.com.br\/store\/?post_type=product&#038;p=2120"},"modified":"2023-06-24T17:02:16","modified_gmt":"2023-06-24T20:02:16","slug":"headset-evolve-30-ii-com-fio-preto","status":"publish","type":"product","link":"https:\/\/movitronics.com.br\/store\/loja\/jabra\/headsets-jabra\/headset-evolve-30-ii-com-fio-preto\/","title":{"rendered":"Headset Evolve 30 II MS stereo &#8211; Fone de ouvido &#8211; com cabo &#8211; USB, Pino 3,5 mm"},"content":{"rendered":"<p>\u2022 Dispon\u00edvel na vers\u00e3o Mono e St\u00e9reo<br \/>\n\u2022 Conectividade flex\u00edvel, pode ser conectado via USB ou entrada 3.5mm<br \/>\n\u2022 Conectividade Plug and play<br \/>\n\u2022 F\u00e1cil gerenciamento de chamadas<\/p>\n<p>Conecte-se usando USB ou unidade de controle de chamada de tomada torna simples de fazer, fazer chamadas e silenciar USB e conectividade de tomada<\/p>\n","protected":false},"excerpt":{"rendered":"<p class=\"excerpt\">\u2022 Dispon\u00edvel na vers\u00e3o Mono e St\u00e9reo<br \/>\n\u2022 Conectividade flex\u00edvel, pode ser conectado via USB ou entrada 3.5mm<br \/>\n\u2022 Conectividade Plug and play<br \/>\n\u2022 F\u00e1cil gerenciamento de chamadas<\/p>\n","protected":false},"featured_media":2121,"comment_status":"closed","ping_status":"closed","template":"","meta":[],"product_cat":[122,82,121],"product_tag":[123],"_links":{"self":[{"href":"https:\/\/movitronics.com.br\/store\/wp-json\/wp\/v2\/product\/2120"}],"collection":[{"href":"https:\/\/movitronics.com.br\/store\/wp-json\/wp\/v2\/product"}],"about":[{"href":"https:\/\/movitronics.com.br\/store\/wp-json\/wp\/v2\/types\/product"}],"replies":[{"embeddable":true,"href":"https:\/\/movitronics.com.br\/store\/wp-json\/wp\/v2\/comments?post=2120"}],"wp:featuredmedia":[{"embeddable":true,"href":"https:\/\/movitronics.com.br\/store\/wp-json\/wp\/v2\/media\/2121"}],"wp:attachment":[{"href":"https:\/\/movitronics.com.br\/store\/wp-json\/wp\/v2\/media?parent=2120"}],"wp:term":[{"taxonomy":"product_cat","embeddable":true,"href":"https:\/\/movitronics.com.br\/store\/wp-json\/wp\/v2\/product_cat?post=2120"},{"taxonomy":"product_tag","embeddable":true,"href":"https:\/\/movitronics.com.br\/store\/wp-json\/wp\/v2\/product_tag?post=2120"}],"curies":[{"name":"wp","href":"https:\/\/api.w.org\/{rel}","templated":true}]}}