{"id":2122,"date":"2023-06-24T17:10:26","date_gmt":"2023-06-24T20:10:26","guid":{"rendered":"https:\/\/movitronics.com.br\/store\/?post_type=product&#038;p=2122"},"modified":"2023-06-24T17:10:27","modified_gmt":"2023-06-24T20:10:27","slug":"headset-jabra-evolve-40-ms-usb-preto","status":"publish","type":"product","link":"https:\/\/movitronics.com.br\/store\/loja\/jabra\/headsets-jabra\/headset-jabra-evolve-40-ms-usb-preto\/","title":{"rendered":"Headset Jabra Evolve 40 Ms, USB, Preto"},"content":{"rendered":"<p>Fique focado com o EVOLVE 40 MS Mono Headset da Jabra . Este fone de ouvido tipo faixa de cabe\u00e7a possui um microfone com cancelamento de ru\u00eddo, para que voc\u00ea possa ser melhor ouvido do outro lado da linha. Quando n\u00e3o estiver em uso, o bra\u00e7o boom do microfone pode ser facilmente guardado integrando-o \u00e0 faixa de cabe\u00e7a. Uma luz de ocupado no fone de ouvido e na unidade de controle alerta os outros que voc\u00ea n\u00e3o deseja ser incomodado.<\/p>\n<p>Para uma opera\u00e7\u00e3o f\u00e1cil, o fone de ouvido vem com uma unidade de controle que fornece acesso a fun\u00e7\u00f5es comumente usadas, como volume e mudo, bem como a capacidade de encerrar e atender chamadas. Esta unidade de controle se conecta ao seu EVOLVE 40 por meio de um conector de fone de ouvido de 3,5 mm, para que voc\u00ea possa conectar seu fone de ouvido a smartphones, tablets e muito mais.<\/p>\n<p>O EVOLVE 40 MS Mono Headset \u00e9 otimizado para Microsoft Lync, fornecendo instala\u00e7\u00e3o &#8220;Plug &amp; Play&#8221; instant\u00e2nea para seu headset. Ele se conecta ao seu sistema atrav\u00e9s do cabo USB na unidade de controle e usa processamento de sinal digital (DSP) para otimizar digitalmente a voz do usu\u00e1rio e suprimir ecos. Ele vem com uma almofada de ouvido de couro sint\u00e9tico e uma bolsa macia. O EVOLVE 40 pode ser usado tanto para m\u00fasica quanto para voz.<\/p>\n<p><strong>Controle de Chamada Remota<\/strong><br \/>\nO Jabra PC Suite permite o controle de chamadas remotas com o Jabra EVOLVE 40 e a \u00faltima gera\u00e7\u00e3o de softphones UC e IP, fornecendo v\u00e1rias fun\u00e7\u00f5es de controle de chamadas remotas diretamente de seu fone de ouvido ou de bot\u00f5es em linha no cabo. A integra\u00e7\u00e3o perfeita entre o fone de ouvido e o softphone permite que os usu\u00e1rios se beneficiem de uma mobilidade aprimorada e da capacidade de realizar v\u00e1rias tarefas durante uma chamada.<\/p>\n","protected":false},"excerpt":{"rendered":"<ul>\n<li>Dispon\u00edvel na vers\u00e3o Mono e Stereo.<\/li>\n<li>Conectividade flex\u00edvel, pode ser conectado via USB ou entrada 3.5 mm.<\/li>\n<li>Conectividade Plug-and-play<\/li>\n<li>Transfer\u00eancia de chamada inteligente da Jabra.<\/li>\n<li>Cancelamento de ru\u00eddo.<\/li>\n<li>Luz de ocupado<\/li>\n<\/ul>\n","protected":false},"featured_media":2123,"comment_status":"closed","ping_status":"closed","template":"","meta":[],"product_cat":[122,82,121],"product_tag":[123],"_links":{"self":[{"href":"https:\/\/movitronics.com.br\/store\/wp-json\/wp\/v2\/product\/2122"}],"collection":[{"href":"https:\/\/movitronics.com.br\/store\/wp-json\/wp\/v2\/product"}],"about":[{"href":"https:\/\/movitronics.com.br\/store\/wp-json\/wp\/v2\/types\/product"}],"replies":[{"embeddable":true,"href":"https:\/\/movitronics.com.br\/store\/wp-json\/wp\/v2\/comments?post=2122"}],"wp:featuredmedia":[{"embeddable":true,"href":"https:\/\/movitronics.com.br\/store\/wp-json\/wp\/v2\/media\/2123"}],"wp:attachment":[{"href":"https:\/\/movitronics.com.br\/store\/wp-json\/wp\/v2\/media?parent=2122"}],"wp:term":[{"taxonomy":"product_cat","embeddable":true,"href":"https:\/\/movitronics.com.br\/store\/wp-json\/wp\/v2\/product_cat?post=2122"},{"taxonomy":"product_tag","embeddable":true,"href":"https:\/\/movitronics.com.br\/store\/wp-json\/wp\/v2\/product_tag?post=2122"}],"curies":[{"name":"wp","href":"https:\/\/api.w.org\/{rel}","templated":true}]}}