{"id":2127,"date":"2023-06-24T17:19:18","date_gmt":"2023-06-24T20:19:18","guid":{"rendered":"https:\/\/movitronics.com.br\/store\/?post_type=product&#038;p=2127"},"modified":"2023-06-24T17:19:19","modified_gmt":"2023-06-24T20:19:19","slug":"headset-evolve-65-stereo-sem-fio-bluetooth-usb-duo-uc","status":"publish","type":"product","link":"https:\/\/movitronics.com.br\/store\/loja\/jabra\/headsets-jabra\/headset-evolve-65-stereo-sem-fio-bluetooth-usb-duo-uc\/","title":{"rendered":"Headset Evolve 65 stereo sem fio Bluetooth USB Duo UC"},"content":{"rendered":"<p>Jabra Evolve 65 com Bluetooth \u00e9 projetado para lhe dar melhores conversa\u00e7\u00f5es com um microfone e alto-falantes otimizados para voz e m\u00fasica. Alcance sem fio de 30 metros (100 p\u00e9s) Obtenha a liberdade para sair da sua mesa durante uma chamada. A tecnologia Bluetooth sem fio 1.5 lhe d\u00e1 at\u00e9 30 metros \/ 100 p\u00e9s de conectividade sem as m\u00e3os ao PC, smartphone e tablet. Vida de bateria de 10 horas Obtenha at\u00e9 10 horas de tempo de fala com uma \u00fanica carga. Ou simplesmente conecte o USB no cabo e carregue enquanto usa o headset. Melhor Ac\u00fastica Simplesmente coloque o headset para Minimizar ru\u00eddos de alta frequ\u00eancia, como vozes altas &#8211; tudo gra\u00e7as \u00e0s almofadas de orelha especialmente projetadas para melhorar a qualidade da sua liga\u00e7\u00e3o, dando muito mais conforto e evitando distra\u00e7\u00f5es com ru\u00eddos no ambiente de trabalho. Luz de ocupado A \u201cluz indicativa de ocupado\u201d fica vermelha para avisar \u00e0s pessoas quando voc\u00ea est\u00e1 ao telefone e evita que seja interrompido. Voc\u00ea tamb\u00e9m pode lig\u00e1-la manualmente quando n\u00e3o quiser ser perturbado. Conectividade Conecte-se sem fio com Bluetooth (tamb\u00e9m vem com dongle USB para PCs) ou diretamente usando o cabo USB. A conectividade dupla possibilita que voc\u00ea se conecte ao seu PC e outro dispositivo Bluetooth ao mesmo tempo, ent\u00e3o voc\u00ea pode receber a chamada no seu dispositivo de telefone preferido. Especifica\u00e7\u00f5es t\u00e9cnicas Tipo de produto Fone de ouvido &#8211; bluetooth &#8211; sem fio Uso Recomendado Eletr\u00f4nicos port\u00e1teis, confer\u00eancia Fator de forma de auriculares No ouvido Tecnologia de conectividade Sem fio Tecnologia sem fios Bluetooth Modo de sa\u00edda de som Est\u00e9reo Microfone Boom Controles Mudo, volume, resposta\/fim Garantia de 12 meses Fabricante<\/p>\n<p>&nbsp;<\/p>\n<table id=\"productDetails_techSpec_section_1\" class=\"a-keyvalue prodDetTable\" role=\"presentation\">\n<tbody>\n<tr>\n<th class=\"a-color-secondary a-size-base prodDetSectionEntry\">Modelo<\/th>\n<td class=\"a-size-base prodDetAttrValue\">\u200e6599-829-409<\/td>\n<\/tr>\n<tr>\n<th class=\"a-color-secondary a-size-base prodDetSectionEntry\">Certifica\u00e7\u00e3o<\/th>\n<td class=\"a-size-base prodDetAttrValue\">\u200eCisco\\nAvaya<\/td>\n<\/tr>\n<tr>\n<th class=\"a-color-secondary a-size-base prodDetSectionEntry\">Ano<\/th>\n<td class=\"a-size-base prodDetAttrValue\">\u200e2014<\/td>\n<\/tr>\n<tr>\n<th class=\"a-color-secondary a-size-base prodDetSectionEntry\">N\u00famero da pe\u00e7a<\/th>\n<td class=\"a-size-base prodDetAttrValue\">\u200e6599-829-409<\/td>\n<\/tr>\n<tr>\n<th class=\"a-color-secondary a-size-base prodDetSectionEntry\">Tipo Do Produto<\/th>\n<td class=\"a-size-base prodDetAttrValue\">\u200eAcess\u00f3rio de telefone sem fio<\/td>\n<\/tr>\n<tr>\n<th class=\"a-color-secondary a-size-base prodDetSectionEntry\">Interface do hardware<\/th>\n<td class=\"a-size-base prodDetAttrValue\">\u200eUSB<\/td>\n<\/tr>\n<tr>\n<th class=\"a-color-secondary a-size-base prodDetSectionEntry\">Navegador de internet incluso<\/th>\n<td class=\"a-size-base prodDetAttrValue\">\u200eN\u00e3o<\/td>\n<\/tr>\n<tr>\n<th class=\"a-color-secondary a-size-base prodDetSectionEntry\">Tela colorida<\/th>\n<td class=\"a-size-base prodDetAttrValue\">\u200eN\u00e3o<\/td>\n<\/tr>\n<tr>\n<th class=\"a-color-secondary a-size-base prodDetSectionEntry\">Fator de forma do fone de ouvido<\/th>\n<td class=\"a-size-base prodDetAttrValue\">\u200eSobre a orelha<\/td>\n<\/tr>\n<tr>\n<th class=\"a-color-secondary a-size-base prodDetSectionEntry\">Porta de \u00e1udio<\/th>\n<td class=\"a-size-base prodDetAttrValue\">\u200eUSB<\/td>\n<\/tr>\n<tr>\n<th class=\"a-color-secondary a-size-base prodDetSectionEntry\">Voltagem<\/th>\n<td class=\"a-size-base prodDetAttrValue\">\u200e1,5 Volts<\/td>\n<\/tr>\n<tr>\n<th class=\"a-color-secondary a-size-base prodDetSectionEntry\">Baterias inclusas<\/th>\n<td class=\"a-size-base prodDetAttrValue\">\u200eSim<\/td>\n<\/tr>\n<tr>\n<th class=\"a-color-secondary a-size-base prodDetSectionEntry\">Funciona com baterias<\/th>\n<td class=\"a-size-base prodDetAttrValue\">\u200eN\u00e3o<\/td>\n<\/tr>\n<tr>\n<th class=\"a-color-secondary a-size-base prodDetSectionEntry\">Composi\u00e7\u00e3o da pilha ou bateria<\/th>\n<td class=\"a-size-base prodDetAttrValue\">\u200e\u00cdon-l\u00edtio<\/td>\n<\/tr>\n<tr>\n<th class=\"a-color-secondary a-size-base prodDetSectionEntry\">Caracter\u00edstica de cabo ou fio<\/th>\n<td class=\"a-size-base prodDetAttrValue\">\u200eDestac\u00e1vel<\/td>\n<\/tr>\n<tr>\n<th class=\"a-color-secondary a-size-base prodDetSectionEntry\">Padr\u00e3o de conex\u00e3o sem fio<\/th>\n<td class=\"a-size-base prodDetAttrValue\">\u200eBluetooth<\/td>\n<\/tr>\n<tr>\n<th class=\"a-color-secondary a-size-base prodDetSectionEntry\">Tecnologia de conex\u00e3o<\/th>\n<td class=\"a-size-base prodDetAttrValue\">\u200eSem fio<\/td>\n<\/tr>\n<tr>\n<th class=\"a-color-secondary a-size-base prodDetSectionEntry\">Tipo de material<\/th>\n<td class=\"a-size-base prodDetAttrValue\">\u200eCouro sint\u00e9tico<\/td>\n<\/tr>\n<tr>\n<th class=\"a-color-secondary a-size-base prodDetSectionEntry\">Cont\u00e9m l\u00edquido?<\/th>\n<td class=\"a-size-base prodDetAttrValue\">\u200eN\u00e3o<\/td>\n<\/tr>\n<tr>\n<th class=\"a-color-secondary a-size-base prodDetSectionEntry\">Tem foco autom\u00e1tico<\/th>\n<td class=\"a-size-base prodDetAttrValue\">\u200eN\u00e3o<\/td>\n<\/tr>\n<tr>\n<th class=\"a-color-secondary a-size-base prodDetSectionEntry\">Bateria recarreg\u00e1vel<\/th>\n<td class=\"a-size-base prodDetAttrValue\">\u200eSim<\/td>\n<\/tr>\n<tr>\n<th class=\"a-color-secondary a-size-base prodDetSectionEntry\">Inclui controle remoto<\/th>\n<td class=\"a-size-base prodDetAttrValue\">\u200eN\u00e3o<\/td>\n<\/tr>\n<tr>\n<th class=\"a-color-secondary a-size-base prodDetSectionEntry\">Bluetooth<\/th>\n<td class=\"a-size-base prodDetAttrValue\">\u200eSim<\/td>\n<\/tr>\n<tr>\n<th class=\"a-color-secondary a-size-base prodDetSectionEntry\">Tem bot\u00f5es program\u00e1veis<\/th>\n<td class=\"a-size-base prodDetAttrValue\">\u200eN\u00e3o<\/td>\n<\/tr>\n<tr>\n<th class=\"a-color-secondary a-size-base prodDetSectionEntry\">Cor<\/th>\n<td class=\"a-size-base prodDetAttrValue\">\u200ePreto<\/td>\n<\/tr>\n<tr>\n<th class=\"a-color-secondary a-size-base prodDetSectionEntry\">Cor correspondente<\/th>\n<td class=\"a-size-base prodDetAttrValue\">\u200ePreto<\/td>\n<\/tr>\n<tr>\n<th class=\"a-color-secondary a-size-base prodDetSectionEntry\">Conex\u00f5es<\/th>\n<td class=\"a-size-base prodDetAttrValue\">\u200eSem fio Bluetooth<\/td>\n<\/tr>\n<tr>\n<th class=\"a-color-secondary a-size-base prodDetSectionEntry\">Dist\u00e2ncia focal m\u00e1xima<\/th>\n<td class=\"a-size-base prodDetAttrValue\">\u200eUSB tipo C<\/td>\n<\/tr>\n<tr>\n<th class=\"a-color-secondary a-size-base prodDetSectionEntry\">Peso do produto<\/th>\n<td class=\"a-size-base prodDetAttrValue\">\u200e45,4 g<\/td>\n<\/tr>\n<tr>\n<th class=\"a-color-secondary a-size-base prodDetSectionEntry\">N\u00famero do modelo<\/th>\n<td class=\"a-size-base prodDetAttrValue\">\u200e6599-829-409<\/td>\n<\/tr>\n<tr>\n<th class=\"a-color-secondary a-size-base prodDetSectionEntry\">EAN<\/th>\n<td class=\"a-size-base prodDetAttrValue\">\u200e0013862072498, 0706487015147, 5706991017151<\/td>\n<\/tr>\n<tr>\n<th class=\"a-color-secondary a-size-base prodDetSectionEntry\">Dimens\u00f5es do produto<\/th>\n<td class=\"a-size-base prodDetAttrValue\">\u200e2,01 x 6,93 x 8,11 cm; 45,36 g<\/td>\n<\/tr>\n<\/tbody>\n<\/table>\n","protected":false},"excerpt":{"rendered":"<ul>\n<li>Dispon\u00edvel na vers\u00e3o Mono e Stereo.<\/li>\n<li>Conectividade Plug-and-play<\/li>\n<li>Cancelamento de ru\u00eddo.<\/li>\n<li>Sem fio com alcance de 30 metros<\/li>\n<li>14 horas de bateria<\/li>\n<li>Luz de ocupado<\/li>\n<li>Garantia 2 anos<\/li>\n<\/ul>\n","protected":false},"featured_media":2128,"comment_status":"closed","ping_status":"closed","template":"","meta":[],"product_cat":[122,82,121],"product_tag":[123],"_links":{"self":[{"href":"https:\/\/movitronics.com.br\/store\/wp-json\/wp\/v2\/product\/2127"}],"collection":[{"href":"https:\/\/movitronics.com.br\/store\/wp-json\/wp\/v2\/product"}],"about":[{"href":"https:\/\/movitronics.com.br\/store\/wp-json\/wp\/v2\/types\/product"}],"replies":[{"embeddable":true,"href":"https:\/\/movitronics.com.br\/store\/wp-json\/wp\/v2\/comments?post=2127"}],"wp:featuredmedia":[{"embeddable":true,"href":"https:\/\/movitronics.com.br\/store\/wp-json\/wp\/v2\/media\/2128"}],"wp:attachment":[{"href":"https:\/\/movitronics.com.br\/store\/wp-json\/wp\/v2\/media?parent=2127"}],"wp:term":[{"taxonomy":"product_cat","embeddable":true,"href":"https:\/\/movitronics.com.br\/store\/wp-json\/wp\/v2\/product_cat?post=2127"},{"taxonomy":"product_tag","embeddable":true,"href":"https:\/\/movitronics.com.br\/store\/wp-json\/wp\/v2\/product_tag?post=2127"}],"curies":[{"name":"wp","href":"https:\/\/api.w.org\/{rel}","templated":true}]}}