{"id":2130,"date":"2023-06-24T17:27:39","date_gmt":"2023-06-24T20:27:39","guid":{"rendered":"https:\/\/movitronics.com.br\/store\/?post_type=product&#038;p=2130"},"modified":"2023-06-24T17:27:40","modified_gmt":"2023-06-24T20:27:40","slug":"fone-de-ouvido-evolve-65t-titanium-black-link-370-wireless","status":"publish","type":"product","link":"https:\/\/movitronics.com.br\/store\/loja\/jabra\/headsets-jabra\/fone-de-ouvido-evolve-65t-titanium-black-link-370-wireless\/","title":{"rendered":"Fone de Ouvido Evolve 65t &#8211; Titanium Black, Link 370 &#8211; Wireless"},"content":{"rendered":"<ul>\n<li>Projetado para ser o primeiro headset intra-auricular true wireless do mundo certificado para UC e MS<\/li>\n<li>Conectividade Plug-and-play<\/li>\n<li>Som profissional com 4 microfones<\/li>\n<\/ul>\n<p>&nbsp;<\/p>\n<table id=\"productDetails_techSpec_section_1\" class=\"a-keyvalue prodDetTable\" role=\"presentation\">\n<tbody>\n<tr>\n<th class=\"a-color-secondary a-size-base prodDetSectionEntry\">Cor<\/th>\n<td class=\"a-size-base prodDetAttrValue\">\u200ePreto<\/td>\n<\/tr>\n<tr>\n<th class=\"a-color-secondary a-size-base prodDetSectionEntry\">Altura do produto<\/th>\n<td class=\"a-size-base prodDetAttrValue\">\u200e2,25 cent\u00edmetros<\/td>\n<\/tr>\n<tr>\n<th class=\"a-color-secondary a-size-base prodDetSectionEntry\">Largura do produto<\/th>\n<td class=\"a-size-base prodDetAttrValue\">\u200e3 cent\u00edmetros<\/td>\n<\/tr>\n<tr>\n<th class=\"a-color-secondary a-size-base prodDetSectionEntry\">Tipo de conex\u00e3o<\/th>\n<td class=\"a-size-base prodDetAttrValue\">\u200eBluetooth<\/td>\n<\/tr>\n<tr>\n<th class=\"a-color-secondary a-size-base prodDetSectionEntry\">Tecnologia de conex\u00e3o<\/th>\n<td class=\"a-size-base prodDetAttrValue\">\u200eSem fio<\/td>\n<\/tr>\n<tr>\n<th class=\"a-color-secondary a-size-base prodDetSectionEntry\">Padr\u00e3o de conex\u00e3o sem fio<\/th>\n<td class=\"a-size-base prodDetAttrValue\">\u200eBluetooth<\/td>\n<\/tr>\n<tr>\n<th class=\"a-color-secondary a-size-base prodDetSectionEntry\">Pilhas ou baterias inclusas<\/th>\n<td class=\"a-size-base prodDetAttrValue\">\u200eSim<\/td>\n<\/tr>\n<tr>\n<th class=\"a-color-secondary a-size-base prodDetSectionEntry\">Conte\u00fado de energia da bateria de l\u00edtio<\/th>\n<td class=\"a-size-base prodDetAttrValue\">\u200e3,1 Quilowatt-hora<\/td>\n<\/tr>\n<tr>\n<th class=\"a-color-secondary a-size-base prodDetSectionEntry\">Pacote da bateria de l\u00edtio<\/th>\n<td class=\"a-size-base prodDetAttrValue\">\u200ePilhas contidas no equipamento<\/td>\n<\/tr>\n<tr>\n<th class=\"a-color-secondary a-size-base prodDetSectionEntry\">N\u00famero de c\u00e9lulas ou pilhas de \u00edon de l\u00edtio<\/th>\n<td class=\"a-size-base prodDetAttrValue\">\u200e1<\/td>\n<\/tr>\n<tr>\n<th class=\"a-color-secondary a-size-base prodDetSectionEntry\">Peso do produto<\/th>\n<td class=\"a-size-base prodDetAttrValue\">\u200e182 g<\/td>\n<\/tr>\n<tr>\n<th class=\"a-color-secondary a-size-base prodDetSectionEntry\">Dimens\u00f5es do produto<\/th>\n<td class=\"a-size-base prodDetAttrValue\">\u200e2,7 x 3 x 2,25 cm; 182 g<\/td>\n<\/tr>\n<tr>\n<th class=\"a-color-secondary a-size-base prodDetSectionEntry\">Pilha(s) ou bateria(s):<\/th>\n<td class=\"a-size-base prodDetAttrValue\">\u200e3 Pol\u00edmero de l\u00edtio baterias ou pilhas necess\u00e1rias (inclusas).<\/td>\n<\/tr>\n<tr>\n<th class=\"a-color-secondary a-size-base prodDetSectionEntry\">N\u00famero do modelo<\/th>\n<td class=\"a-size-base prodDetAttrValue\">\u200e6598-832-109<\/td>\n<\/tr>\n<tr>\n<th class=\"a-color-secondary a-size-base prodDetSectionEntry\">Descontinuado pelo fabricante<\/th>\n<td class=\"a-size-base prodDetAttrValue\">\u200eN\u00e3o<\/td>\n<\/tr>\n<tr>\n<th class=\"a-color-secondary a-size-base prodDetSectionEntry\">Funciona a bateria ou pilha?<\/th>\n<td class=\"a-size-base prodDetAttrValue\">\u200eSim<\/td>\n<\/tr>\n<tr>\n<th class=\"a-color-secondary a-size-base prodDetSectionEntry\">EAN<\/th>\n<td class=\"a-size-base prodDetAttrValue\">\u200e5706991022070, 0706487019411<\/td>\n<\/tr>\n<\/tbody>\n<\/table>\n","protected":false},"excerpt":{"rendered":"<ul>\n<li>Projetado para ser o primeiro headset intra-auricular true wireless do mundo certificado para UC e MS<\/li>\n<li>Conectividade Plug-and-play<\/li>\n<li>Som profissional com 4 microfones<\/li>\n<\/ul>\n","protected":false},"featured_media":2131,"comment_status":"closed","ping_status":"closed","template":"","meta":[],"product_cat":[82,122,121],"product_tag":[123,124],"_links":{"self":[{"href":"https:\/\/movitronics.com.br\/store\/wp-json\/wp\/v2\/product\/2130"}],"collection":[{"href":"https:\/\/movitronics.com.br\/store\/wp-json\/wp\/v2\/product"}],"about":[{"href":"https:\/\/movitronics.com.br\/store\/wp-json\/wp\/v2\/types\/product"}],"replies":[{"embeddable":true,"href":"https:\/\/movitronics.com.br\/store\/wp-json\/wp\/v2\/comments?post=2130"}],"wp:featuredmedia":[{"embeddable":true,"href":"https:\/\/movitronics.com.br\/store\/wp-json\/wp\/v2\/media\/2131"}],"wp:attachment":[{"href":"https:\/\/movitronics.com.br\/store\/wp-json\/wp\/v2\/media?parent=2130"}],"wp:term":[{"taxonomy":"product_cat","embeddable":true,"href":"https:\/\/movitronics.com.br\/store\/wp-json\/wp\/v2\/product_cat?post=2130"},{"taxonomy":"product_tag","embeddable":true,"href":"https:\/\/movitronics.com.br\/store\/wp-json\/wp\/v2\/product_tag?post=2130"}],"curies":[{"name":"wp","href":"https:\/\/api.w.org\/{rel}","templated":true}]}}