{"id":2137,"date":"2023-06-24T17:46:01","date_gmt":"2023-06-24T20:46:01","guid":{"rendered":"https:\/\/movitronics.com.br\/store\/?post_type=product&#038;p=2137"},"modified":"2023-06-24T17:46:02","modified_gmt":"2023-06-24T20:46:02","slug":"headset-evolve-75-sem-fio-stereo-ms-link-370-e-base-recarregamento-usb","status":"publish","type":"product","link":"https:\/\/movitronics.com.br\/store\/loja\/jabra\/headsets-jabra\/headset-evolve-75-sem-fio-stereo-ms-link-370-e-base-recarregamento-usb\/","title":{"rendered":"Headset Evolve 75 Sem Fio Stereo Ms, Link 370 E Base Recarregamento (usb)"},"content":{"rendered":"<ul>\n<li>Som excelente<\/li>\n<li>Barulho reduzido<\/li>\n<li>Sem fio<\/li>\n<li>At\u00e9 30 horas com o ANC ativado<\/li>\n<li>Acompanha o Jabra link 370 USB<\/li>\n<\/ul>\n<p>Altura do produto ?2 polegadas<br \/>\nLargura do produto ?6.5 polegadas<br \/>\nPilhas ou baterias inclusas ?Sim<br \/>\nConte\u00fado de energia da bateria de l\u00edtio ?3.1 Watt-hora<br \/>\nPacote da bateria de l\u00edtio ?Pilhas contidas no equipamento<br \/>\nTens\u00e3o da bateria ou pilha de l\u00edtio ?3 Volts<br \/>\nPeso da bateria ou pilha de l\u00edtio ?0.6 Grams<br \/>\nN\u00famero de c\u00e9lulas ou pilhas de \u00edon de l\u00edtio ?1<br \/>\nPeso do produto ?386 g<br \/>\nDimens\u00f5es do produto ?20.96 x 16.51 x 5.08 cm; 385.55 g<br \/>\nPilha(s) ou bateria(s): ?1 Pol\u00edmero de l\u00edtio baterias ou pilhas necess\u00e1rias (inclusas).<br \/>\nN\u00famero do modelo ?7599-832-199<br \/>\nDescontinuado pelo fabricante ?N\u00e3o<br \/>\nFunciona a bateria ou pilha? ?Sim<\/p>\n<p>Itens Inclusos<\/p>\n<p>EQUIPAMENTO E MANUAL DO USUARIO<\/p>\n<p>Fabricante: Jabra<\/p>\n<p>Modelo:\u00a07599-832-199<\/p>\n<p>Linha: perifericos<\/p>\n<p>Peso: 1000 gramas (bruto com embalagem)<\/p>\n","protected":false},"excerpt":{"rendered":"<ul>\n<li>Som excelente<\/li>\n<li>Barulho reduzido<\/li>\n<li>Sem fio<\/li>\n<li>At\u00e9 30 horas com o ANC ativado<\/li>\n<li>Acompanha o Jabra link 370 USB<\/li>\n<\/ul>\n","protected":false},"featured_media":2138,"comment_status":"closed","ping_status":"closed","template":"","meta":[],"product_cat":[122,82,121],"product_tag":[123,124],"_links":{"self":[{"href":"https:\/\/movitronics.com.br\/store\/wp-json\/wp\/v2\/product\/2137"}],"collection":[{"href":"https:\/\/movitronics.com.br\/store\/wp-json\/wp\/v2\/product"}],"about":[{"href":"https:\/\/movitronics.com.br\/store\/wp-json\/wp\/v2\/types\/product"}],"replies":[{"embeddable":true,"href":"https:\/\/movitronics.com.br\/store\/wp-json\/wp\/v2\/comments?post=2137"}],"wp:featuredmedia":[{"embeddable":true,"href":"https:\/\/movitronics.com.br\/store\/wp-json\/wp\/v2\/media\/2138"}],"wp:attachment":[{"href":"https:\/\/movitronics.com.br\/store\/wp-json\/wp\/v2\/media?parent=2137"}],"wp:term":[{"taxonomy":"product_cat","embeddable":true,"href":"https:\/\/movitronics.com.br\/store\/wp-json\/wp\/v2\/product_cat?post=2137"},{"taxonomy":"product_tag","embeddable":true,"href":"https:\/\/movitronics.com.br\/store\/wp-json\/wp\/v2\/product_tag?post=2137"}],"curies":[{"name":"wp","href":"https:\/\/api.w.org\/{rel}","templated":true}]}}