{"id":2140,"date":"2023-06-24T17:52:26","date_gmt":"2023-06-24T20:52:26","guid":{"rendered":"https:\/\/movitronics.com.br\/store\/?post_type=product&#038;p=2140"},"modified":"2023-06-24T17:52:27","modified_gmt":"2023-06-24T20:52:27","slug":"headset-evolve-75e-ms-bluetooth-sem-fio-intra-auricular-uc-otimizado","status":"publish","type":"product","link":"https:\/\/movitronics.com.br\/store\/loja\/jabra\/headsets-jabra\/headset-evolve-75e-ms-bluetooth-sem-fio-intra-auricular-uc-otimizado\/","title":{"rendered":"Headset Evolve 75e &#8211; MS Bluetooth sem fio intra-auricular, UC otimizado"},"content":{"rendered":"<ul>\n<li>Som excelente<\/li>\n<li>ANC e luz de ocupado integrada<\/li>\n<li>Carrega em 2 horas<\/li>\n<li>Bateria de 14 horas de dura\u00e7\u00e3o<\/li>\n<\/ul>\n<ul class=\"a-unordered-list a-vertical a-spacing-mini\">\n<li class=\"a-spacing-mini\"><span class=\"a-list-item\">Som profissional, da maneira que voc\u00ea quiser usar. Certificado pelo Skype alimentado por tecnologia exclusiva de 3 microfones, com design de fone de ouvido sem fio ao redor do pesco\u00e7o<\/span><\/li>\n<li class=\"a-spacing-mini\"><span class=\"a-list-item\">Funciona de forma eficaz, seja qual for o ru\u00eddo ao seu redor. Foco com cancelamento de ru\u00eddo ativo e uma luz integrada permite que os colegas saibam que voc\u00ea n\u00e3o deve ser perturbado<\/span><\/li>\n<li class=\"a-spacing-mini\"><span class=\"a-list-item\">Fale e ou\u00e7a, durante todo o dia. Desfrute de at\u00e9 14 horas de vida \u00fatil da bateria e carregue totalmente os fones de ouvido em apenas 2 horas<\/span><\/li>\n<li class=\"a-spacing-mini\"><span class=\"a-list-item\">Ajuste personalizado para uma melhor experi\u00eancia. V\u00e1rias op\u00e7\u00f5es de ajuste para g\u00e9is e asas de orelha proporcionam conforto incr\u00edvel durante todo o dia<\/span><\/li>\n<li class=\"a-spacing-mini\"><span class=\"a-list-item\">Controles inteligentes para trabalho e lazer. Bot\u00e3o inteligente para acesso com um toque a Siri e Google Now, e 5 bot\u00f5es de controle para controle r\u00e1pido de chamadas e m\u00fasica. Faixa de frequ\u00eancia do microfone: 150 Hz a 6,8 kHz<\/span><\/li>\n<\/ul>\n","protected":false},"excerpt":{"rendered":"<ul>\n<li><span class=\"a-list-item\">Som profissional, da maneira que voc\u00ea quiser usar. Certificado pelo Skype alimentado por tecnologia exclusiva de 3 microfones, com design de fone de ouvido sem fio ao redor do pesco\u00e7o<\/span><\/li>\n<li>Som excelente<\/li>\n<li>ANC e luz de ocupado integrada<\/li>\n<li>Carrega em 2 horas<\/li>\n<li>Bateria de 14 horas de dura\u00e7\u00e3o<\/li>\n<\/ul>\n","protected":false},"featured_media":2141,"comment_status":"closed","ping_status":"closed","template":"","meta":[],"product_cat":[122,82,121],"product_tag":[123,124],"_links":{"self":[{"href":"https:\/\/movitronics.com.br\/store\/wp-json\/wp\/v2\/product\/2140"}],"collection":[{"href":"https:\/\/movitronics.com.br\/store\/wp-json\/wp\/v2\/product"}],"about":[{"href":"https:\/\/movitronics.com.br\/store\/wp-json\/wp\/v2\/types\/product"}],"replies":[{"embeddable":true,"href":"https:\/\/movitronics.com.br\/store\/wp-json\/wp\/v2\/comments?post=2140"}],"wp:featuredmedia":[{"embeddable":true,"href":"https:\/\/movitronics.com.br\/store\/wp-json\/wp\/v2\/media\/2141"}],"wp:attachment":[{"href":"https:\/\/movitronics.com.br\/store\/wp-json\/wp\/v2\/media?parent=2140"}],"wp:term":[{"taxonomy":"product_cat","embeddable":true,"href":"https:\/\/movitronics.com.br\/store\/wp-json\/wp\/v2\/product_cat?post=2140"},{"taxonomy":"product_tag","embeddable":true,"href":"https:\/\/movitronics.com.br\/store\/wp-json\/wp\/v2\/product_tag?post=2140"}],"curies":[{"name":"wp","href":"https:\/\/api.w.org\/{rel}","templated":true}]}}