{"id":2143,"date":"2023-06-24T17:59:19","date_gmt":"2023-06-24T20:59:19","guid":{"rendered":"https:\/\/movitronics.com.br\/store\/?post_type=product&#038;p=2143"},"modified":"2023-06-24T17:59:20","modified_gmt":"2023-06-24T20:59:20","slug":"headset-evolve-80-fone-de-ouvido-profissional-com-fio-e-cancelamento-de-ruido-incomparavel-para-chamadas-e-musica","status":"publish","type":"product","link":"https:\/\/movitronics.com.br\/store\/loja\/jabra\/headsets-jabra\/headset-evolve-80-fone-de-ouvido-profissional-com-fio-e-cancelamento-de-ruido-incomparavel-para-chamadas-e-musica\/","title":{"rendered":"Headset Evolve 80 &#8211; Fone de ouvido profissional com fio e cancelamento de ru\u00eddo incompar\u00e1vel para chamadas e m\u00fasica"},"content":{"rendered":"<p>\u2022 Mais concentra\u00e7\u00e3o, maior produtividade<br \/>\n\u2022 Cancelamento de ru\u00eddo ativo.<br \/>\n\u2022 Cancelamento de ru\u00eddo passivo<br \/>\n\u2022 Luz de ocupado<br \/>\n\u2022 Funciona com todos os dispositivos m\u00f3veis<br \/>\n\u2022 Transfer\u00eancia de chamada inteligente<\/p>\n<ul class=\"a-unordered-list a-vertical a-spacing-mini\">\n<li class=\"a-spacing-mini\"><span class=\"a-list-item\">Cancelamento de ru\u00eddo incompar\u00e1vel: o fone de ouvido Jabra Evolve 80 com fio foi feito para eliminar o ru\u00eddo. O exclusivo cancelamento de ru\u00eddo ativo (ANC) da Jabro filtra o ru\u00eddo de fundo de baixa frequ\u00eancia para ajudar a evitar interrup\u00e7\u00f5es e aumentar o foco<\/span><\/li>\n<li class=\"a-spacing-mini\"><span class=\"a-list-item\">Aumente o foco do agente junto com o ANC; uma luz ocupada integrada notifica os colegas quando uma chamada est\u00e1 em processo para evitar interrup\u00e7\u00f5es. Voc\u00ea tamb\u00e9m pode ativ\u00e1-lo manualmente para criar sua pr\u00f3pria zona de concentra\u00e7\u00e3o e evitar que seja perturbado sempre que necess\u00e1rio<\/span><\/li>\n<li class=\"a-spacing-mini\"><span class=\"a-list-item\">Som de chamada mundial. Encontre inspira\u00e7\u00e3o em som com uma experi\u00eancia musical envolvente entregue por alto-falantes de primeira classe neste fone de ouvido premium ao redor do ouvido<\/span><\/li>\n<li class=\"a-spacing-mini\"><span class=\"a-list-item\">Conforto o dia todo com almofadas de couro e design ao redor da orelha; este fone de ouvido Jabra \u00e9 feito para uso confort\u00e1vel o dia todo<\/span><\/li>\n<li class=\"a-spacing-mini\"><span class=\"a-list-item\">Compatibilidade: o fone de ouvido Jabra Evolve 80 funciona com todas as plataformas l\u00edderes de UC. Certificado para Skype for Business; Cisco; e mais. Al\u00e9m disso, possui configura\u00e7\u00e3o simples de ligar e usar com USB A; USB C ou op\u00e7\u00f5es de conex\u00e3o de conector de 3,5 mm<\/span><\/li>\n<\/ul>\n","protected":false},"excerpt":{"rendered":"<p class=\"excerpt\">\u2022 Mais concentra\u00e7\u00e3o, maior produtividade<br \/>\n\u2022 Cancelamento de ru\u00eddo ativo.<br \/>\n\u2022 Cancelamento de ru\u00eddo passivo<br \/>\n\u2022 Luz de ocupado<br \/>\n\u2022 Funciona com todos os dispositivos m\u00f3veis<br \/>\n\u2022 Transfer\u00eancia de chamada inteligente<\/p>\n","protected":false},"featured_media":2146,"comment_status":"closed","ping_status":"closed","template":"","meta":[],"product_cat":[122,82,121],"product_tag":[123],"_links":{"self":[{"href":"https:\/\/movitronics.com.br\/store\/wp-json\/wp\/v2\/product\/2143"}],"collection":[{"href":"https:\/\/movitronics.com.br\/store\/wp-json\/wp\/v2\/product"}],"about":[{"href":"https:\/\/movitronics.com.br\/store\/wp-json\/wp\/v2\/types\/product"}],"replies":[{"embeddable":true,"href":"https:\/\/movitronics.com.br\/store\/wp-json\/wp\/v2\/comments?post=2143"}],"wp:featuredmedia":[{"embeddable":true,"href":"https:\/\/movitronics.com.br\/store\/wp-json\/wp\/v2\/media\/2146"}],"wp:attachment":[{"href":"https:\/\/movitronics.com.br\/store\/wp-json\/wp\/v2\/media?parent=2143"}],"wp:term":[{"taxonomy":"product_cat","embeddable":true,"href":"https:\/\/movitronics.com.br\/store\/wp-json\/wp\/v2\/product_cat?post=2143"},{"taxonomy":"product_tag","embeddable":true,"href":"https:\/\/movitronics.com.br\/store\/wp-json\/wp\/v2\/product_tag?post=2143"}],"curies":[{"name":"wp","href":"https:\/\/api.w.org\/{rel}","templated":true}]}}