{"id":2147,"date":"2023-06-25T20:05:45","date_gmt":"2023-06-25T23:05:45","guid":{"rendered":"https:\/\/movitronics.com.br\/store\/?post_type=product&#038;p=2147"},"modified":"2023-06-25T20:30:27","modified_gmt":"2023-06-25T23:30:27","slug":"headset-biz-1500-fone-de-ouvido-mono-profissional-com-fio-uc","status":"publish","type":"product","link":"https:\/\/movitronics.com.br\/store\/loja\/jabra\/headsets-jabra\/headset-biz-1500-fone-de-ouvido-mono-profissional-com-fio-uc\/","title":{"rendered":"Headset BIZ 1500 &#8211; Fone de ouvido mono profissional com fio UC"},"content":{"rendered":"<p>\u2022 Dispon\u00edvel Mono e Stereo<br \/>\n\u2022 Conectividade USB e QD<br \/>\n\u2022 Microfone com cancelamento de ru\u00eddo<br \/>\n\u2022 Bra\u00e7o boom girat\u00f3rio Jabra<br \/>\n\u2022 Som n\u00edtido<br \/>\n\u2022 Gerenciamento simples de chamada<br \/>\n\u2022 Tecnologia PeakStop<\/p>\n<ul class=\"a-unordered-list a-vertical a-spacing-mini\">\n<li class=\"a-spacing-mini\"><span class=\"a-list-item\">\u00d3timo som, com microfone com cancelamento de ru\u00eddo e voz HD para proporcionar chamadas de som profissionais<\/span><\/li>\n<li class=\"a-spacing-mini\"><span class=\"a-list-item\">Robusto, design de n\u00edvel de entrada f\u00e1cil de usar, com todos os recursos essenciais<\/span><\/li>\n<li class=\"a-spacing-mini\"><span class=\"a-list-item\">Conforto o dia todo, com almofadas de espuma para manter as orelhas frescas e um bra\u00e7o flex\u00edvel que gira com seguran\u00e7a 270 graus<\/span><\/li>\n<li class=\"a-spacing-mini\"><span class=\"a-list-item\">F\u00e1cil de usar, direto da caixa. Pot\u00eancia m\u00e1xima de entrada do alto-falante 30 mW, sensibilidade do alto-falante 115,5 dB \u00b1 3dB\/1 mW A 1000 Hz, imped\u00e2ncia do alto-falante 300 \u00b1 15%\/1000 Hz\/1,0 V e frequ\u00eancia do alto-falante 20 Hz-4,5 kHz<\/span><\/li>\n<li class=\"a-spacing-mini\"><span class=\"a-list-item\">Vers\u00e3o de desconex\u00e3o r\u00e1pida para facilitar a conectividade do telefone de mesa<\/span><\/li>\n<\/ul>\n","protected":false},"excerpt":{"rendered":"<p class=\"excerpt\">\u2022 Dispon\u00edvel Mono e Stereo<br \/>\n\u2022 Conectividade USB e QD<br \/>\n\u2022 Microfone com cancelamento de ru\u00eddo<br \/>\n\u2022 Bra\u00e7o boom girat\u00f3rio Jabra<br \/>\n\u2022 Som n\u00edtido<br \/>\n\u2022 Gerenciamento simples de chamada<br \/>\n\u2022 Tecnologia PeakStop<\/p>\n","protected":false},"featured_media":2148,"comment_status":"closed","ping_status":"closed","template":"","meta":[],"product_cat":[122,82,121],"product_tag":[125],"_links":{"self":[{"href":"https:\/\/movitronics.com.br\/store\/wp-json\/wp\/v2\/product\/2147"}],"collection":[{"href":"https:\/\/movitronics.com.br\/store\/wp-json\/wp\/v2\/product"}],"about":[{"href":"https:\/\/movitronics.com.br\/store\/wp-json\/wp\/v2\/types\/product"}],"replies":[{"embeddable":true,"href":"https:\/\/movitronics.com.br\/store\/wp-json\/wp\/v2\/comments?post=2147"}],"wp:featuredmedia":[{"embeddable":true,"href":"https:\/\/movitronics.com.br\/store\/wp-json\/wp\/v2\/media\/2148"}],"wp:attachment":[{"href":"https:\/\/movitronics.com.br\/store\/wp-json\/wp\/v2\/media?parent=2147"}],"wp:term":[{"taxonomy":"product_cat","embeddable":true,"href":"https:\/\/movitronics.com.br\/store\/wp-json\/wp\/v2\/product_cat?post=2147"},{"taxonomy":"product_tag","embeddable":true,"href":"https:\/\/movitronics.com.br\/store\/wp-json\/wp\/v2\/product_tag?post=2147"}],"curies":[{"name":"wp","href":"https:\/\/api.w.org\/{rel}","templated":true}]}}