{"id":2152,"date":"2023-06-25T20:17:11","date_gmt":"2023-06-25T23:17:11","guid":{"rendered":"https:\/\/movitronics.com.br\/store\/?post_type=product&#038;p=2152"},"modified":"2023-06-25T20:30:14","modified_gmt":"2023-06-25T23:30:14","slug":"headset-biz-2300-duo-qd-com-link-230-usb-cabo-adaptador-para-home-office","status":"publish","type":"product","link":"https:\/\/movitronics.com.br\/store\/loja\/jabra\/headsets-jabra\/headset-biz-2300-duo-qd-com-link-230-usb-cabo-adaptador-para-home-office\/","title":{"rendered":"Headset BIZ 2300 &#8211; Duo QD com Link 230 USB cabo adaptador para Home Office"},"content":{"rendered":"<p>\u2022 Dispon\u00edvel Mono e Stereo<br \/>\n\u2022 Conectividade USB e QD<br \/>\n\u2022 Microfone com cancelamento de ru\u00eddo<br \/>\n\u2022 Bra\u00e7o boom girat\u00f3rio Jabra<br \/>\n\u2022 \u00c1udio em banda larga<br \/>\n\u2022 Fio refor\u00e7ado<br \/>\n\u2022 Tecnologia PeakStop<\/p>\n<p>Forne\u00e7a aos seus agentes de contact center um fone de ouvido leve e dur\u00e1vel que oferece alto-falante de voz HD \/ banda larga e cancelamento de ru\u00eddo com o Fone de ouvido BIZ 2300 Microsoft Lync Duo da Jabra . Usado sobre a cabe\u00e7a, este fone de ouvido \u00e9 compat\u00edvel com o Microsoft Lync e possui alto-falantes est\u00e9reo duplos. Al\u00e9m disso, a resposta de frequ\u00eancia de voz HD \/ banda larga ajuda a permitir a reprodu\u00e7\u00e3o realista de vozes humanas em linhas de telefonia digital otimizadas. O Jabra 2300 tamb\u00e9m possui um microfone com cancelamento de ru\u00eddo com sensibilidade vocal padr\u00e3o, uma unidade de controle embutida, um bra\u00e7o girat\u00f3rio flex\u00edvel para ajustar a posi\u00e7\u00e3o do microfone e almofadas de espuma para auriculares.<\/p>\n","protected":false},"excerpt":{"rendered":"<p class=\"excerpt\">\u2022 Dispon\u00edvel Mono e Stereo<br \/>\n\u2022 Conectividade USB e QD<br \/>\n\u2022 Microfone com cancelamento de ru\u00eddo<br \/>\n\u2022 Bra\u00e7o boom girat\u00f3rio Jabra<br \/>\n\u2022 \u00c1udio em banda larga<br \/>\n\u2022 Fio refor\u00e7ado<br \/>\n\u2022 Tecnologia PeakStop<\/p>\n","protected":false},"featured_media":2154,"comment_status":"closed","ping_status":"closed","template":"","meta":[],"product_cat":[82,122,121],"product_tag":[125],"_links":{"self":[{"href":"https:\/\/movitronics.com.br\/store\/wp-json\/wp\/v2\/product\/2152"}],"collection":[{"href":"https:\/\/movitronics.com.br\/store\/wp-json\/wp\/v2\/product"}],"about":[{"href":"https:\/\/movitronics.com.br\/store\/wp-json\/wp\/v2\/types\/product"}],"replies":[{"embeddable":true,"href":"https:\/\/movitronics.com.br\/store\/wp-json\/wp\/v2\/comments?post=2152"}],"wp:featuredmedia":[{"embeddable":true,"href":"https:\/\/movitronics.com.br\/store\/wp-json\/wp\/v2\/media\/2154"}],"wp:attachment":[{"href":"https:\/\/movitronics.com.br\/store\/wp-json\/wp\/v2\/media?parent=2152"}],"wp:term":[{"taxonomy":"product_cat","embeddable":true,"href":"https:\/\/movitronics.com.br\/store\/wp-json\/wp\/v2\/product_cat?post=2152"},{"taxonomy":"product_tag","embeddable":true,"href":"https:\/\/movitronics.com.br\/store\/wp-json\/wp\/v2\/product_tag?post=2152"}],"curies":[{"name":"wp","href":"https:\/\/api.w.org\/{rel}","templated":true}]}}