{"id":2156,"date":"2023-06-25T20:28:15","date_gmt":"2023-06-25T23:28:15","guid":{"rendered":"https:\/\/movitronics.com.br\/store\/?post_type=product&#038;p=2156"},"modified":"2023-06-25T20:30:04","modified_gmt":"2023-06-25T23:30:04","slug":"headset-biz-2400-ii-duo-usb-uc-jabra","status":"publish","type":"product","link":"https:\/\/movitronics.com.br\/store\/loja\/jabra\/headsets-jabra\/headset-biz-2400-ii-duo-usb-uc-jabra\/","title":{"rendered":"Headset BIZ 2400 II &#8211; Duo Usb UC Jabra"},"content":{"rendered":"<p>\u2022 Dispon\u00edvel Mono e Stereo<br \/>\n\u2022 Conectividade USB e QD<br \/>\n\u2022 Microfone com cancelamento de ru\u00eddo<br \/>\n\u2022 Melhor som<br \/>\n\u2022 \u00c1udio em banda larga<br \/>\n\u2022 Fio refor\u00e7ado<br \/>\n\u2022 Tecnologia PeakStop<\/p>\n<p>&nbsp;<\/p>\n<p>Melhor conversa A fun\u00e7\u00e3o mais importante de um headset de contact center \u00e9 eliminar o ru\u00eddo de fundo em ambientes lotados e permitir que o cliente ou\u00e7a a sua voz claramente.<\/p>\n<p>O Biz 2400 II tem um microfone superior de cancelamento de ru\u00eddo que ajuda a eliminar um ru\u00eddo de fundo para dar uma melhor experi\u00eancia ao cliente.<\/p>\n<p>Melhor som Se voc\u00ea estiver num ambiente lotado, precisa de um \u00f3timo som para ouvir a voz do seu cliente. Al\u00e9m disso, quando voc\u00ea estiver se concentrando no trabalho, quer som HiFi para m\u00fasica.<\/p>\n<p>O Jabra Biz 2400 II \u00e9 \u00f3timo para ambos. A tecnologia de voz HD garante que voc\u00ea entenda claramente a outra pessoa<\/p>\n<p>Os alto-falantes reduzem o barulho ambiente, para que voc\u00ea possa focar na chamada<\/p>\n<p>O microfone de cancelamento de ru\u00eddo especialmente projetado para \u201cchoque de ar\u201d filtra os sons de respira\u00e7\u00e3o e fungadas de nariz normalmente ouvidos em conversas.<\/p>\n<p>Melhor design O Jabra Biz 2400 II \u00e9 feito para durar num contact center de alto desempenho, o que significa menos substitui\u00e7\u00f5es e menos ociosidade para voc\u00ea e sua equipe e menor custo total de propriedade.<\/p>\n<p>O fio refor\u00e7ado \u00e9 feito para suportar o ambiente do contact center e \u00e9 protegido contra as rodas das cadeiras do escrit\u00f3rio, objetos afiados e o uso di\u00e1rio<\/p>\n<p>O bra\u00e7o boom pode girar 360 graus sem nenhum risco de quebrar. Chamamos isso de FreeSpinTM. Mais conforto O Jabra Biz 2400 II tem um design extremamente leve e discreto.<\/p>\n<p>Isso significa menos cansa\u00e7o aos atendentes e chamadas mais produtivas. 40% mais leve que os headsets de alto n\u00edvel concorrentes Bandana de cabe\u00e7a ajust\u00e1vel e bra\u00e7o boom de microfone permitem que voc\u00ea encontre o ajuste perfeito A unidade de controle permite que voc\u00ea mude o volume, coloque chamadas no mudo e muito mais A tecnologia PeakStopTM remove sons ou tons altos repentinos antes de chegarem aos seus ouvidos: Qualquer som acima de 118 db \u00e9 filtrado.<\/p>\n<p>Almofadas de cabe\u00e7a e orelha super macias Funciona com o seu telefone ou plataforma. Os nossos headsets e alto-falantes funcionam com mais de 10 mil telefones de mesa tradicionais.<\/p>\n<p>Eles s\u00e3o \u00e0 prova do futuro e compat\u00edveis com todos os clientes de softphone, web e plataformas de contact center, inclusive as da Cisco, Avaya, Genesys Cloud e MS.<\/p>\n<p>Oferecer excelente atendimento ao cliente come\u00e7a com confiabilidade. Os headsets de call center da Jabra s\u00e3o simples de usar hoje, e ser\u00e3o simples de usar no futuro, independentemente de como tenha configurado o seu escrit\u00f3rio. Os seus clientes ficar\u00e3o felizes, assim como a sua for\u00e7a de trabalho.<\/p>\n<p>O Jabra Biz 2400 II \u00e9 um headset de call center com desempenho Premium, oferecendo conversas mais claras para conex\u00f5es pr\u00f3ximas com quem est\u00e1 ligando.<\/p>\n<p>Fone de ouvido binaural para PC \/ notebook O microfone com cancelamento de ru\u00eddo filtra o ru\u00eddo de fundo Ideal para call centers: Bot\u00f5es program\u00e1veis em linha para atribuir as fun\u00e7\u00f5es necess\u00e1rias (atender, encerrar, encaminhar ou redirecionar chamadas) Processamento de sinal digital (DSP) para alto-falantes de neod\u00edmio de \u00e1udio natural para qualidade de som de primeira qualidade. \u00c0 prova de quebra, microfone com rota\u00e7\u00e3o de 360 ??\u00b0 (FreeSpin) Almofadas de ouvido ultra macias<\/p>\n<p>&nbsp;<\/p>\n","protected":false},"excerpt":{"rendered":"<p class=\"excerpt\">\u2022 Dispon\u00edvel Mono e Stereo<br \/>\n\u2022 Conectividade USB e QD<br \/>\n\u2022 Microfone com cancelamento de ru\u00eddo<br \/>\n\u2022 Melhor som<br \/>\n\u2022 \u00c1udio em banda larga<br \/>\n\u2022 Fio refor\u00e7ado<br \/>\n\u2022 Tecnologia PeakStop<\/p>\n","protected":false},"featured_media":2158,"comment_status":"closed","ping_status":"closed","template":"","meta":[],"product_cat":[122,82,121],"product_tag":[125],"_links":{"self":[{"href":"https:\/\/movitronics.com.br\/store\/wp-json\/wp\/v2\/product\/2156"}],"collection":[{"href":"https:\/\/movitronics.com.br\/store\/wp-json\/wp\/v2\/product"}],"about":[{"href":"https:\/\/movitronics.com.br\/store\/wp-json\/wp\/v2\/types\/product"}],"replies":[{"embeddable":true,"href":"https:\/\/movitronics.com.br\/store\/wp-json\/wp\/v2\/comments?post=2156"}],"wp:featuredmedia":[{"embeddable":true,"href":"https:\/\/movitronics.com.br\/store\/wp-json\/wp\/v2\/media\/2158"}],"wp:attachment":[{"href":"https:\/\/movitronics.com.br\/store\/wp-json\/wp\/v2\/media?parent=2156"}],"wp:term":[{"taxonomy":"product_cat","embeddable":true,"href":"https:\/\/movitronics.com.br\/store\/wp-json\/wp\/v2\/product_cat?post=2156"},{"taxonomy":"product_tag","embeddable":true,"href":"https:\/\/movitronics.com.br\/store\/wp-json\/wp\/v2\/product_tag?post=2156"}],"curies":[{"name":"wp","href":"https:\/\/api.w.org\/{rel}","templated":true}]}}