{"id":2159,"date":"2023-06-25T20:40:30","date_gmt":"2023-06-25T23:40:30","guid":{"rendered":"https:\/\/movitronics.com.br\/store\/?post_type=product&#038;p=2159"},"modified":"2023-06-25T20:40:31","modified_gmt":"2023-06-25T23:40:31","slug":"headset-engage-50-usb-c-uc-versao-controlador-de-audio-pc-mac-telefones-de-mesa-usb","status":"publish","type":"product","link":"https:\/\/movitronics.com.br\/store\/loja\/jabra\/headsets-jabra\/headset-engage-50-usb-c-uc-versao-controlador-de-audio-pc-mac-telefones-de-mesa-usb\/","title":{"rendered":"Headset Engage 50 &#8211; USB-C, UC vers\u00e3o controlador de \u00e1udio &#8211; PC\/MAC, telefones de mesa USB"},"content":{"rendered":"<p>\u2022 Dispon\u00edvel Mono e Stereo<br \/>\n\u2022 Conectividade USB<br \/>\n\u2022 Som digital para chamadas mais claras<br \/>\n\u2022 Cancelamento de ru\u00eddo<br \/>\n\u2022 Controle de chamadas para maior efici\u00eancia<br \/>\n\u2022 Melhora o foco dos atendentes<\/p>\n<p>USB-C, UC vers\u00e3o controlador de \u00e1udio &#8211; PC\/MAC, telefones de mesa USB com pano de limpeza<\/p>\n<p>\u2705 Pacote de 3 itens: Fone de ouvido Jabra Engage 50 Mono, controle de \u00e1udio e microfibra Jabra USB-C UC<br \/>\n\u2705 Prote\u00e7\u00e3o auditiva: Engage 50 oferece os mais altos n\u00edveis de prote\u00e7\u00e3o auditiva, incluindo PeakStop 105 dB SPL e IntelliTone 2.0 e em conformidade com as diretrizes de ru\u00eddo no trabalho, G616 e OSHA.<br \/>\n\u2705 Compatibilidade: Compat\u00edvel com alguns telefones USB \u2013 Polycom, Yealink, Cisco Jabber, Mitel MiVoice, RingCentral<br \/>\n\u2705 Qualidade de som Jabre: Fone de ouvido profissional para comunica\u00e7\u00f5es Unificadas (UC). O Jabra Engage 50 pode funcionar com todos os seus dispositivos \u2013 celular, tablet, PC e telefones de mesa. O Jabra Engage 50 \u00e9 certificado compat\u00edvel com plataformas UC l\u00edderes incluindo &#8211; Microsoft Skype para abrir o escrit\u00f3rio, Microsoft Teams, Softphones e Deskphones. Voc\u00ea tamb\u00e9m pode usar o fone de ouvido sem fio com outras plataformas VoIP e Telephone, incluindo RingCentral, 8&#215;8 e Vonage<br \/>\n\u2705 Controle de volume inteligente: o controle de volume inteligente permite que as chamadas recebidas sejam configuradas para um n\u00edvel de som definido pelo usu\u00e1rio que permanece constante para conforto durante todo o dia.<\/p>\n","protected":false},"excerpt":{"rendered":"<p class=\"excerpt\">\u2022 Dispon\u00edvel Mono e Stereo<br \/>\n\u2022 Conectividade USB<br \/>\n\u2022 Som digital para chamadas mais claras<br \/>\n\u2022 Cancelamento de ru\u00eddo<br \/>\n\u2022 Controle de chamadas para maior efici\u00eancia<br \/>\n\u2022 Melhora o foco dos atendentes<\/p>\n","protected":false},"featured_media":2164,"comment_status":"closed","ping_status":"closed","template":"","meta":[],"product_cat":[82,122,121],"product_tag":[126],"_links":{"self":[{"href":"https:\/\/movitronics.com.br\/store\/wp-json\/wp\/v2\/product\/2159"}],"collection":[{"href":"https:\/\/movitronics.com.br\/store\/wp-json\/wp\/v2\/product"}],"about":[{"href":"https:\/\/movitronics.com.br\/store\/wp-json\/wp\/v2\/types\/product"}],"replies":[{"embeddable":true,"href":"https:\/\/movitronics.com.br\/store\/wp-json\/wp\/v2\/comments?post=2159"}],"wp:featuredmedia":[{"embeddable":true,"href":"https:\/\/movitronics.com.br\/store\/wp-json\/wp\/v2\/media\/2164"}],"wp:attachment":[{"href":"https:\/\/movitronics.com.br\/store\/wp-json\/wp\/v2\/media?parent=2159"}],"wp:term":[{"taxonomy":"product_cat","embeddable":true,"href":"https:\/\/movitronics.com.br\/store\/wp-json\/wp\/v2\/product_cat?post=2159"},{"taxonomy":"product_tag","embeddable":true,"href":"https:\/\/movitronics.com.br\/store\/wp-json\/wp\/v2\/product_tag?post=2159"}],"curies":[{"name":"wp","href":"https:\/\/api.w.org\/{rel}","templated":true}]}}