{"id":2165,"date":"2023-06-25T22:12:14","date_gmt":"2023-06-26T01:12:14","guid":{"rendered":"https:\/\/movitronics.com.br\/store\/?post_type=product&#038;p=2165"},"modified":"2023-06-25T22:12:15","modified_gmt":"2023-06-26T01:12:15","slug":"headset-engage-65-fone-de-ouvido-stereo-wireless","status":"publish","type":"product","link":"https:\/\/movitronics.com.br\/store\/loja\/jabra\/headsets-jabra\/headset-engage-65-fone-de-ouvido-stereo-wireless\/","title":{"rendered":"Headset Engage 65 Fone de Ouvido Stereo Wireless"},"content":{"rendered":"<p>\u2022 Dispon\u00edvel Mono e Stereo<br \/>\n\u2022 Desempenho sem fio<br \/>\n\u2022 Tempo de bateria 13 horas<br \/>\n\u2022 Conecta em at\u00e9 2 dispositivos simultaneamente<br \/>\n\u2022 Cancelamento de ru\u00eddo<br \/>\n\u2022 Controle de chamadas para maior efici\u00eancia<br \/>\n\u2022 Base moderna<br \/>\n\u2022 Prote\u00e7\u00e3o auditiva<\/p>\n<p>Desempenho e densidade sem fio l\u00edderes da ind\u00fastria<br \/>\nMicrofone avan\u00e7ado com cancelamento de ru\u00eddo para chamadas cristalinas<br \/>\nO dia todo em conversa\u00e7\u00e3o e luz de \u00f4nibus integrada<\/p>\n<p>Nome longo do produto Jabra Engage 65 Stereo Headset Headset Band:<br \/>\nJabra Engage 65 Stereo.<\/p>\n<p>Tipo de produto: Fone de ouvido<br \/>\nEstilo de vestir: Faixa de cabe\u00e7a<br \/>\nUso recomendado: Escrit\u00f3rio \/ Central de atendimento.<br \/>\nTecnologia de conectividade: Sem fio<br \/>\nConector USB: Micro USB<br \/>\nAlcance sem fio: 150 m.<br \/>\nAcoplamento de ouvido: supraaural<br \/>\nFrequ\u00eancia de fone de ouvido: 40 16000 Hz.<br \/>\nTipo de microfone: Boom<br \/>\nFrequ\u00eancia do microfone: 100 10000 Hz.<br \/>\nCapacidade da bateria: 650 mAh<br \/>\nTempo de conversa\u00e7\u00e3o: 13 h,<br \/>\nTempo de recarga da bateria: 1,5 h<\/p>\n","protected":false},"excerpt":{"rendered":"<ul>\n<li>Dispon\u00edvel Mono e Stereo<\/li>\n<li>Desempenho sem fio<\/li>\n<li>Tempo de bateria 13 horas<\/li>\n<li>Conecta em at\u00e9 2 dispositivos simultaneamente<\/li>\n<li>Cancelamento de ru\u00eddo<\/li>\n<li>Controle de chamadas para maior efici\u00eancia<\/li>\n<li>Base moderna<\/li>\n<li>Prote\u00e7\u00e3o auditiva<\/li>\n<\/ul>\n","protected":false},"featured_media":2167,"comment_status":"closed","ping_status":"closed","template":"","meta":[],"product_cat":[122,82,121],"product_tag":[126],"_links":{"self":[{"href":"https:\/\/movitronics.com.br\/store\/wp-json\/wp\/v2\/product\/2165"}],"collection":[{"href":"https:\/\/movitronics.com.br\/store\/wp-json\/wp\/v2\/product"}],"about":[{"href":"https:\/\/movitronics.com.br\/store\/wp-json\/wp\/v2\/types\/product"}],"replies":[{"embeddable":true,"href":"https:\/\/movitronics.com.br\/store\/wp-json\/wp\/v2\/comments?post=2165"}],"wp:featuredmedia":[{"embeddable":true,"href":"https:\/\/movitronics.com.br\/store\/wp-json\/wp\/v2\/media\/2167"}],"wp:attachment":[{"href":"https:\/\/movitronics.com.br\/store\/wp-json\/wp\/v2\/media?parent=2165"}],"wp:term":[{"taxonomy":"product_cat","embeddable":true,"href":"https:\/\/movitronics.com.br\/store\/wp-json\/wp\/v2\/product_cat?post=2165"},{"taxonomy":"product_tag","embeddable":true,"href":"https:\/\/movitronics.com.br\/store\/wp-json\/wp\/v2\/product_tag?post=2165"}],"curies":[{"name":"wp","href":"https:\/\/api.w.org\/{rel}","templated":true}]}}