{"id":2176,"date":"2023-06-25T22:33:31","date_gmt":"2023-06-26T01:33:31","guid":{"rendered":"https:\/\/movitronics.com.br\/store\/?post_type=product&#038;p=2176"},"modified":"2023-06-25T22:33:32","modified_gmt":"2023-06-26T01:33:32","slug":"headset-engage-75-fones-de-ouvido-stereo-wireless","status":"publish","type":"product","link":"https:\/\/movitronics.com.br\/store\/loja\/jabra\/headsets-jabra\/headset-engage-75-fones-de-ouvido-stereo-wireless\/","title":{"rendered":"Headset Engage 75 Fones De Ouvido Stereo Wireless"},"content":{"rendered":"<p>\u2022 Dispon\u00edvel na vers\u00e3o Mono e Stereo<br \/>\n\u2022 Desempenho sem fio<br \/>\n\u2022 Cancelamento de ru\u00eddo<br \/>\n\u2022 Tempo de fala o tempo todo e luz de ocupado integrada<br \/>\n\u2022 Chamadas n\u00edtidas<br \/>\n\u2022 N\u00edveis de som constante ao longo do dia<br \/>\n\u2022 13 horas de bateria<br \/>\n\u2022 Conecta-se at\u00e9 5 dispositivos simultaneamente<br \/>\n\u2022 Prote\u00e7\u00e3o auditiva<\/p>\n<p>Desempenho e densidade sem fio l\u00edderes da ind\u00fastria<br \/>\nMicrofone avan\u00e7ado com cancelamento de ru\u00eddo para chamadas cristalinas<br \/>\nO dia todo em conversa\u00e7\u00e3o e luz de \u00f4nibus integrada<\/p>\n<p>&nbsp;<\/p>\n","protected":false},"excerpt":{"rendered":"<p class=\"excerpt\">\u2022 Dispon\u00edvel na vers\u00e3o Mono e Stereo<br \/>\n\u2022 Desempenho sem fio<br \/>\n\u2022 Cancelamento de ru\u00eddo<br \/>\n\u2022 Tempo de fala o tempo todo e luz de ocupado integrada<br \/>\n\u2022 Chamadas n\u00edtidas<br \/>\n\u2022 N\u00edveis de som constante ao longo do dia<br \/>\n\u2022 13 horas de bateria<br \/>\n\u2022 Conecta-se at\u00e9 5 dispositivos simultaneamente<br \/>\n\u2022 Prote\u00e7\u00e3o auditiva<\/p>\n","protected":false},"featured_media":2178,"comment_status":"closed","ping_status":"closed","template":"","meta":[],"product_cat":[122,82,121],"product_tag":[126,124],"_links":{"self":[{"href":"https:\/\/movitronics.com.br\/store\/wp-json\/wp\/v2\/product\/2176"}],"collection":[{"href":"https:\/\/movitronics.com.br\/store\/wp-json\/wp\/v2\/product"}],"about":[{"href":"https:\/\/movitronics.com.br\/store\/wp-json\/wp\/v2\/types\/product"}],"replies":[{"embeddable":true,"href":"https:\/\/movitronics.com.br\/store\/wp-json\/wp\/v2\/comments?post=2176"}],"wp:featuredmedia":[{"embeddable":true,"href":"https:\/\/movitronics.com.br\/store\/wp-json\/wp\/v2\/media\/2178"}],"wp:attachment":[{"href":"https:\/\/movitronics.com.br\/store\/wp-json\/wp\/v2\/media?parent=2176"}],"wp:term":[{"taxonomy":"product_cat","embeddable":true,"href":"https:\/\/movitronics.com.br\/store\/wp-json\/wp\/v2\/product_cat?post=2176"},{"taxonomy":"product_tag","embeddable":true,"href":"https:\/\/movitronics.com.br\/store\/wp-json\/wp\/v2\/product_tag?post=2176"}],"curies":[{"name":"wp","href":"https:\/\/api.w.org\/{rel}","templated":true}]}}