{"id":2183,"date":"2023-06-25T22:46:54","date_gmt":"2023-06-26T01:46:54","guid":{"rendered":"https:\/\/movitronics.com.br\/store\/?post_type=product&#038;p=2183"},"modified":"2023-06-25T22:46:55","modified_gmt":"2023-06-26T01:46:55","slug":"headset-stealth-serie-go-fone-de-ouvido-bluetooth","status":"publish","type":"product","link":"https:\/\/movitronics.com.br\/store\/loja\/jabra\/headsets-jabra\/headset-stealth-serie-go-fone-de-ouvido-bluetooth\/","title":{"rendered":"Headset Stealth \u2013 S\u00e9rie Go &#8211; Fone de Ouvido Bluetooth"},"content":{"rendered":"<p>\u2022 Headset \u00fanico com Bluetooth confort\u00e1vel com at\u00e9 6 horas de tempo de fala. Conecte-se facilmente com smartphones habilitados com NFC simplesmente juntando os dois dispositivos. Ative o Siri ou Google Now diretamente a partir do headset. Aproveite chamadas claras com som de alta defini\u00e7\u00e3o.<br \/>\n\u2022 Som HD com redu\u00e7\u00e3o de ru\u00eddo<br \/>\n\u2022 Bot\u00e3o de controle de voz dedicado<\/p>\n<table id=\"productDetails_techSpec_section_1\" class=\"a-keyvalue prodDetTable\" role=\"presentation\">\n<tbody>\n<tr>\n<th class=\"a-color-secondary a-size-base prodDetSectionEntry\">Pilha(s) ou bateria(s):<\/th>\n<td class=\"a-size-base prodDetAttrValue\">\u200e1 A (necessita de baterias)<\/td>\n<\/tr>\n<tr>\n<th class=\"a-color-secondary a-size-base prodDetSectionEntry\">N\u00famero do modelo<\/th>\n<td class=\"a-size-base prodDetAttrValue\">\u200e5578-230-309<\/td>\n<\/tr>\n<tr>\n<th class=\"a-color-secondary a-size-base prodDetSectionEntry\">Tecnologia sem fio<\/th>\n<td class=\"a-size-base prodDetAttrValue\">\u200eBluetooth<\/td>\n<\/tr>\n<tr>\n<th class=\"a-color-secondary a-size-base prodDetSectionEntry\">Tecnologia de conex\u00e3o<\/th>\n<td class=\"a-size-base prodDetAttrValue\">\u200eSem fio<\/td>\n<\/tr>\n<tr>\n<th class=\"a-color-secondary a-size-base prodDetSectionEntry\">Caracter\u00edsticas especiais<\/th>\n<td class=\"a-size-base prodDetAttrValue\">\u200eBlackout de ru\u00eddo, \u00c1udio de alta resolu\u00e7\u00e3o, Indicador de status Bluetooth, M\u00e3os-livres, Comunica\u00e7\u00e3o unificada, Multiponto, Leve, Confort\u00e1vel, Controle remoto incorporado, Carregamento USB, Porta de carregamento, Comando de Voz, Redu\u00e7\u00e3o de ru\u00eddo, Sem ru\u00eddo, Orelha intercambi\u00e1vel, Bateria recarreg\u00e1vel<\/td>\n<\/tr>\n<tr>\n<th class=\"a-color-secondary a-size-base prodDetSectionEntry\">Outros recursos de exibi\u00e7\u00e3o<\/th>\n<td class=\"a-size-base prodDetAttrValue\">\u200eCE<\/td>\n<\/tr>\n<tr>\n<th class=\"a-color-secondary a-size-base prodDetSectionEntry\">Porta de \u00e1udio<\/th>\n<td class=\"a-size-base prodDetAttrValue\">\u200eWireless<\/td>\n<\/tr>\n<tr>\n<th class=\"a-color-secondary a-size-base prodDetSectionEntry\">Formato<\/th>\n<td class=\"a-size-base prodDetAttrValue\">\u200eFones de ouvido<\/td>\n<\/tr>\n<tr>\n<th class=\"a-color-secondary a-size-base prodDetSectionEntry\">Cor<\/th>\n<td class=\"a-size-base prodDetAttrValue\">\u200ePreto<\/td>\n<\/tr>\n<tr>\n<th class=\"a-color-secondary a-size-base prodDetSectionEntry\">Componentes inclusos<\/th>\n<td class=\"a-size-base prodDetAttrValue\">\u200ePacote de gancho de orelha, pacote de fone de ouvido, conector USB, carregador USB, carregador de carro<\/td>\n<\/tr>\n<tr>\n<th class=\"a-color-secondary a-size-base prodDetSectionEntry\">N\u00famero de unidades<\/th>\n<td class=\"a-size-base prodDetAttrValue\">\u200e5<\/td>\n<\/tr>\n<tr>\n<th class=\"a-color-secondary a-size-base prodDetSectionEntry\">Voltagem<\/th>\n<td class=\"a-size-base prodDetAttrValue\">\u200e2,4 Volts<\/td>\n<\/tr>\n<tr>\n<th class=\"a-color-secondary a-size-base prodDetSectionEntry\">Fonte de alimenta\u00e7\u00e3o<\/th>\n<td class=\"a-size-base prodDetAttrValue\">\u200eAlimentado por pilha<\/td>\n<\/tr>\n<tr>\n<th class=\"a-color-secondary a-size-base prodDetSectionEntry\">Peso do produto<\/th>\n<td class=\"a-size-base prodDetAttrValue\">\u200e8,49 g<\/td>\n<\/tr>\n<tr>\n<th class=\"a-color-secondary a-size-base prodDetSectionEntry\">Dimens\u00f5es do produto<\/th>\n<td class=\"a-size-base prodDetAttrValue\">\u200e60 x 60 x 85 cm; 8,5 g<\/td>\n<\/tr>\n<tr>\n<th class=\"a-color-secondary a-size-base prodDetSectionEntry\">Marca<\/th>\n<td class=\"a-size-base prodDetAttrValue\">\u200eJabra<\/td>\n<\/tr>\n<tr>\n<th class=\"a-color-secondary a-size-base prodDetSectionEntry\">Funciona a bateria ou pilha?<\/th>\n<td class=\"a-size-base prodDetAttrValue\">\u200eSim<\/td>\n<\/tr>\n<tr>\n<th class=\"a-color-secondary a-size-base prodDetSectionEntry\">EAN<\/th>\n<td class=\"a-size-base prodDetAttrValue\">\u200e0706487016045<\/td>\n<\/tr>\n<\/tbody>\n<\/table>\n","protected":false},"excerpt":{"rendered":"<p class=\"excerpt\">\u2022 Headset \u00fanico com Bluetooth confort\u00e1vel com at\u00e9 6 horas de tempo de fala. Conecte-se facilmente com smartphones habilitados com NFC simplesmente juntando os dois dispositivos. Ative o Siri ou Google Now diretamente a partir do headset. Aproveite chamadas claras com som de alta defini\u00e7\u00e3o.<br \/>\n\u2022 Som HD com redu\u00e7\u00e3o de ru\u00eddo<br \/>\n\u2022 Bot\u00e3o de controle de voz dedicado<\/p>\n","protected":false},"featured_media":2184,"comment_status":"closed","ping_status":"closed","template":"","meta":[],"product_cat":[82,122,121],"product_tag":[127],"_links":{"self":[{"href":"https:\/\/movitronics.com.br\/store\/wp-json\/wp\/v2\/product\/2183"}],"collection":[{"href":"https:\/\/movitronics.com.br\/store\/wp-json\/wp\/v2\/product"}],"about":[{"href":"https:\/\/movitronics.com.br\/store\/wp-json\/wp\/v2\/types\/product"}],"replies":[{"embeddable":true,"href":"https:\/\/movitronics.com.br\/store\/wp-json\/wp\/v2\/comments?post=2183"}],"wp:featuredmedia":[{"embeddable":true,"href":"https:\/\/movitronics.com.br\/store\/wp-json\/wp\/v2\/media\/2184"}],"wp:attachment":[{"href":"https:\/\/movitronics.com.br\/store\/wp-json\/wp\/v2\/media?parent=2183"}],"wp:term":[{"taxonomy":"product_cat","embeddable":true,"href":"https:\/\/movitronics.com.br\/store\/wp-json\/wp\/v2\/product_cat?post=2183"},{"taxonomy":"product_tag","embeddable":true,"href":"https:\/\/movitronics.com.br\/store\/wp-json\/wp\/v2\/product_tag?post=2183"}],"curies":[{"name":"wp","href":"https:\/\/api.w.org\/{rel}","templated":true}]}}