{"id":2188,"date":"2023-06-25T22:52:34","date_gmt":"2023-06-26T01:52:34","guid":{"rendered":"https:\/\/movitronics.com.br\/store\/?post_type=product&#038;p=2188"},"modified":"2023-06-25T22:52:35","modified_gmt":"2023-06-26T01:52:35","slug":"headset-motion-jabra-bluetooth","status":"publish","type":"product","link":"https:\/\/movitronics.com.br\/store\/loja\/jabra\/headsets-jabra\/headset-motion-jabra-bluetooth\/","title":{"rendered":"Headset Motion Jabra &#8211; Bluetooth"},"content":{"rendered":"<p>\u2022 Headset mono com Bluetooth com prote\u00e7\u00e3o contra o ru\u00eddo do vento e som de alta defini\u00e7\u00e3o. Use-o no escrit\u00f3rio e em tr\u00e2nsito. Use-o confortavelmente o dia inteiro.<br \/>\n\u2022 Sensor de movimento inteligente<br \/>\n\u2022 Conforto o dia todo<br \/>\n\u2022 Bra\u00e7o boom dobr\u00e1vel intuitivo<br \/>\n\u2022 NFC para f\u00e1cil pareamento<br \/>\n\u2022 Orienta\u00e7\u00e3o e controle de voz<\/p>\n<table id=\"productDetails_techSpec_section_1\" class=\"a-keyvalue prodDetTable\" role=\"presentation\">\n<tbody>\n<tr>\n<th class=\"a-color-secondary a-size-base prodDetSectionEntry\">Marca<\/th>\n<td class=\"a-size-base prodDetAttrValue\">\u200eJabra<\/td>\n<\/tr>\n<tr>\n<th class=\"a-color-secondary a-size-base prodDetSectionEntry\">Fabricante<\/th>\n<td class=\"a-size-base prodDetAttrValue\">\u200eJabra<\/td>\n<\/tr>\n<tr>\n<th class=\"a-color-secondary a-size-base prodDetSectionEntry\">Modelo<\/th>\n<td class=\"a-size-base prodDetAttrValue\">\u200e100-99500000-02<\/td>\n<\/tr>\n<tr>\n<th class=\"a-color-secondary a-size-base prodDetSectionEntry\">Ano<\/th>\n<td class=\"a-size-base prodDetAttrValue\">\u200e2013<\/td>\n<\/tr>\n<tr>\n<th class=\"a-color-secondary a-size-base prodDetSectionEntry\">N\u00famero da pe\u00e7a<\/th>\n<td class=\"a-size-base prodDetAttrValue\">\u200e100-99500000-02<\/td>\n<\/tr>\n<tr>\n<th class=\"a-color-secondary a-size-base prodDetSectionEntry\">Tipo Do Produto<\/th>\n<td class=\"a-size-base prodDetAttrValue\">\u200eAcess\u00f3rio de telefone sem fio<\/td>\n<\/tr>\n<tr>\n<th class=\"a-color-secondary a-size-base prodDetSectionEntry\">Navegador de internet incluso<\/th>\n<td class=\"a-size-base prodDetAttrValue\">\u200eN\u00e3o<\/td>\n<\/tr>\n<tr>\n<th class=\"a-color-secondary a-size-base prodDetSectionEntry\">Tela colorida<\/th>\n<td class=\"a-size-base prodDetAttrValue\">\u200eN\u00e3o<\/td>\n<\/tr>\n<tr>\n<th class=\"a-color-secondary a-size-base prodDetSectionEntry\">Fator de forma do fone de ouvido<\/th>\n<td class=\"a-size-base prodDetAttrValue\">\u200eDentro da orelha<\/td>\n<\/tr>\n<tr>\n<th class=\"a-color-secondary a-size-base prodDetSectionEntry\">Tipo de fonte de energia<\/th>\n<td class=\"a-size-base prodDetAttrValue\">\u200eBateria<\/td>\n<\/tr>\n<tr>\n<th class=\"a-color-secondary a-size-base prodDetSectionEntry\">Baterias inclusas<\/th>\n<td class=\"a-size-base prodDetAttrValue\">\u200eSim<\/td>\n<\/tr>\n<tr>\n<th class=\"a-color-secondary a-size-base prodDetSectionEntry\">Funciona com baterias<\/th>\n<td class=\"a-size-base prodDetAttrValue\">\u200eSim<\/td>\n<\/tr>\n<tr>\n<th class=\"a-color-secondary a-size-base prodDetSectionEntry\">Caracter\u00edstica de cabo ou fio<\/th>\n<td class=\"a-size-base prodDetAttrValue\">\u200eSem cabo<\/td>\n<\/tr>\n<tr>\n<th class=\"a-color-secondary a-size-base prodDetSectionEntry\">Padr\u00e3o de conex\u00e3o sem fio<\/th>\n<td class=\"a-size-base prodDetAttrValue\">\u200eBluetooth<\/td>\n<\/tr>\n<tr>\n<th class=\"a-color-secondary a-size-base prodDetSectionEntry\">Tecnologia de conex\u00e3o<\/th>\n<td class=\"a-size-base prodDetAttrValue\">\u200eSem fio<\/td>\n<\/tr>\n<tr>\n<th class=\"a-color-secondary a-size-base prodDetSectionEntry\">Cont\u00e9m l\u00edquido?<\/th>\n<td class=\"a-size-base prodDetAttrValue\">\u200eN\u00e3o<\/td>\n<\/tr>\n<tr>\n<th class=\"a-color-secondary a-size-base prodDetSectionEntry\">Bateria recarreg\u00e1vel<\/th>\n<td class=\"a-size-base prodDetAttrValue\">\u200eN\u00e3o<\/td>\n<\/tr>\n<tr>\n<th class=\"a-color-secondary a-size-base prodDetSectionEntry\">Inclui controle remoto<\/th>\n<td class=\"a-size-base prodDetAttrValue\">\u200eN\u00e3o<\/td>\n<\/tr>\n<tr>\n<th class=\"a-color-secondary a-size-base prodDetSectionEntry\">Cor<\/th>\n<td class=\"a-size-base prodDetAttrValue\">\u200eCinza<\/td>\n<\/tr>\n<tr>\n<th class=\"a-color-secondary a-size-base prodDetSectionEntry\">Cor correspondente<\/th>\n<td class=\"a-size-base prodDetAttrValue\">\u200eCinza<\/td>\n<\/tr>\n<tr>\n<th class=\"a-color-secondary a-size-base prodDetSectionEntry\">Conex\u00f5es<\/th>\n<td class=\"a-size-base prodDetAttrValue\">\u200eSem fio Bluetooth<\/td>\n<\/tr>\n<tr>\n<th class=\"a-color-secondary a-size-base prodDetSectionEntry\">Dist\u00e2ncia focal m\u00e1xima<\/th>\n<td class=\"a-size-base prodDetAttrValue\">\u200eUSB tipo C<\/td>\n<\/tr>\n<tr>\n<th class=\"a-color-secondary a-size-base prodDetSectionEntry\">Peso do produto<\/th>\n<td class=\"a-size-base prodDetAttrValue\">\u200e17,6 g<\/td>\n<\/tr>\n<tr>\n<th class=\"a-color-secondary a-size-base prodDetSectionEntry\">N\u00famero do modelo<\/th>\n<td class=\"a-size-base prodDetAttrValue\">\u200e100-99500000-02<\/td>\n<\/tr>\n<tr>\n<th class=\"a-color-secondary a-size-base prodDetSectionEntry\">EAN<\/th>\n<td class=\"a-size-base prodDetAttrValue\">\u200e0615822004275, 0521538616322<\/td>\n<\/tr>\n<tr>\n<th class=\"a-color-secondary a-size-base prodDetSectionEntry\">Dimens\u00f5es do produto<\/th>\n<td class=\"a-size-base prodDetAttrValue\">\u200e17,78 x 5,49 x 13,59 cm; 17,6 g<\/td>\n<\/tr>\n<\/tbody>\n<\/table>\n","protected":false},"excerpt":{"rendered":"<p class=\"excerpt\">\u2022 Headset mono com Bluetooth com prote\u00e7\u00e3o contra o ru\u00eddo do vento e som de alta defini\u00e7\u00e3o. Use-o no escrit\u00f3rio e em tr\u00e2nsito. Use-o confortavelmente o dia inteiro.<br \/>\n\u2022 Sensor de movimento inteligente<br \/>\n\u2022 Conforto o dia todo<br \/>\n\u2022 Bra\u00e7o boom dobr\u00e1vel intuitivo<br \/>\n\u2022 NFC para f\u00e1cil pareamento<br \/>\n\u2022 Orienta\u00e7\u00e3o e controle de voz<\/p>\n","protected":false},"featured_media":2189,"comment_status":"closed","ping_status":"closed","template":"","meta":[],"product_cat":[82,122,121],"product_tag":[129,128],"_links":{"self":[{"href":"https:\/\/movitronics.com.br\/store\/wp-json\/wp\/v2\/product\/2188"}],"collection":[{"href":"https:\/\/movitronics.com.br\/store\/wp-json\/wp\/v2\/product"}],"about":[{"href":"https:\/\/movitronics.com.br\/store\/wp-json\/wp\/v2\/types\/product"}],"replies":[{"embeddable":true,"href":"https:\/\/movitronics.com.br\/store\/wp-json\/wp\/v2\/comments?post=2188"}],"wp:featuredmedia":[{"embeddable":true,"href":"https:\/\/movitronics.com.br\/store\/wp-json\/wp\/v2\/media\/2189"}],"wp:attachment":[{"href":"https:\/\/movitronics.com.br\/store\/wp-json\/wp\/v2\/media?parent=2188"}],"wp:term":[{"taxonomy":"product_cat","embeddable":true,"href":"https:\/\/movitronics.com.br\/store\/wp-json\/wp\/v2\/product_cat?post=2188"},{"taxonomy":"product_tag","embeddable":true,"href":"https:\/\/movitronics.com.br\/store\/wp-json\/wp\/v2\/product_tag?post=2188"}],"curies":[{"name":"wp","href":"https:\/\/api.w.org\/{rel}","templated":true}]}}