{"id":2194,"date":"2023-06-25T23:07:04","date_gmt":"2023-06-26T02:07:04","guid":{"rendered":"https:\/\/movitronics.com.br\/store\/?post_type=product&#038;p=2194"},"modified":"2023-06-25T23:07:05","modified_gmt":"2023-06-26T02:07:05","slug":"camera-de-videoconferencia-jabra-panacast-50","status":"publish","type":"product","link":"https:\/\/movitronics.com.br\/store\/loja\/jabra\/videoconferencia\/camera-de-videoconferencia-jabra-panacast-50\/","title":{"rendered":"C\u00e2mera De Videoconfer\u00eancia Jabra Panacast 50"},"content":{"rendered":"<p>\u2022 O campo de vis\u00e3o exclusivo de 180\u00b0 mant\u00e9m todos na imagem a uma dist\u00e2ncia segura<br \/>\n\u2022 O Virtual Director ajusta o v\u00eddeo de forma inteligente em tempo real para reuni\u00f5es mais imersivas<br \/>\n\u2022 O Safety Capacity and Room Usage Insights gera dados an\u00f4nimos de ocupa\u00e7\u00e3o para todos na sala de reuni\u00e3o de uma s\u00f3 vez<br \/>\n\u2022 O sistema conectrado a rede permite f\u00e1cil gerenciamento remoto e aceso a dados<br \/>\n\u2022 Streaming de quadro branco em tempo real para colabora\u00e7\u00e3o remota mais inclusiva<br \/>\n\u2022 Plug-and-play para configura\u00e7\u00e3o r\u00e1pida e m\u00e1xima facilidade de uso<br \/>\n\u2022 O Zoom inteligente ajusta automaticamente o campo de vis\u00e3o para incluir todos na conversa<br \/>\n\u2022 A composi\u00e7\u00e3o din\u00e2mica oferece uma vis\u00e3o aproximada dos 4 palestrantes mais recentes em uma sala de reuni\u00f5es<\/p>\n<p>&nbsp;<\/p>\n<p>Projetada para ser a primeira barra de v\u00eddeo inteligente pronta nova e normal do mundo<br \/>\nSom surpreendente<br \/>\nDos l\u00edderes mundiais em \u00e1udio profissional<br \/>\nBonito na foto<br \/>\nV\u00eddeo panor\u00e2mico 4k e campo de vis\u00e3o de 180<br \/>\nIA integrada<br \/>\nPermite uma s\u00e9rie de recursos inteligentes<\/p>\n<p>A panacast 50 possui oito microfones de n\u00edvel profissional e quatro alto-falantes poderosos da jabra, dois woofers de 50mm e dois tweeters de 20mm.<br \/>\nO campo de vis\u00e3o de 180 exclusivo significa que todos s\u00e3o inclu\u00eddos, enquanto mant\u00e9m o distanciamento social<\/p>\n","protected":false},"excerpt":{"rendered":"<p class=\"excerpt\">Projetada para ser a primeira barra de v\u00eddeo inteligente pronta nova e normal do mundo<br \/>\nSom surpreendente<br \/>\nDos l\u00edderes mundiais em \u00e1udio profissional<br \/>\nBonito na foto<br \/>\nV\u00eddeo panor\u00e2mico 4k e campo de vis\u00e3o de 180<br \/>\nIA integrada<br \/>\nPermite uma s\u00e9rie de recursos inteligentes<\/p>\n","protected":false},"featured_media":2195,"comment_status":"closed","ping_status":"closed","template":"","meta":[],"product_cat":[121,130],"product_tag":[],"_links":{"self":[{"href":"https:\/\/movitronics.com.br\/store\/wp-json\/wp\/v2\/product\/2194"}],"collection":[{"href":"https:\/\/movitronics.com.br\/store\/wp-json\/wp\/v2\/product"}],"about":[{"href":"https:\/\/movitronics.com.br\/store\/wp-json\/wp\/v2\/types\/product"}],"replies":[{"embeddable":true,"href":"https:\/\/movitronics.com.br\/store\/wp-json\/wp\/v2\/comments?post=2194"}],"wp:featuredmedia":[{"embeddable":true,"href":"https:\/\/movitronics.com.br\/store\/wp-json\/wp\/v2\/media\/2195"}],"wp:attachment":[{"href":"https:\/\/movitronics.com.br\/store\/wp-json\/wp\/v2\/media?parent=2194"}],"wp:term":[{"taxonomy":"product_cat","embeddable":true,"href":"https:\/\/movitronics.com.br\/store\/wp-json\/wp\/v2\/product_cat?post=2194"},{"taxonomy":"product_tag","embeddable":true,"href":"https:\/\/movitronics.com.br\/store\/wp-json\/wp\/v2\/product_tag?post=2194"}],"curies":[{"name":"wp","href":"https:\/\/api.w.org\/{rel}","templated":true}]}}