{"id":2202,"date":"2023-06-25T23:14:13","date_gmt":"2023-06-26T02:14:13","guid":{"rendered":"https:\/\/movitronics.com.br\/store\/?post_type=product&#038;p=2202"},"modified":"2023-06-25T23:14:14","modified_gmt":"2023-06-26T02:14:14","slug":"camera-de-videoconferencia-panacast-50-room-system","status":"publish","type":"product","link":"https:\/\/movitronics.com.br\/store\/loja\/jabra\/videoconferencia\/camera-de-videoconferencia-panacast-50-room-system\/","title":{"rendered":"C\u00e2mera de Videoconfer\u00eancia Panacast 50 Room System"},"content":{"rendered":"<ul>\n<li>Solu\u00e7\u00e3o de sala de reuni\u00e3o completa e certificada de dois dos profissionais mais proeminentes em marcas de tecnologia do setor<\/li>\n<li>Campo de vis\u00e3o exclusivo de 180\u00b0 e cobertura de sala de parede a parede<\/li>\n<li>Experi\u00eancias inteligentes de sala de reuni\u00e3o e recursos avan\u00e7ados de v\u00eddeo permitem que voc\u00ea fa\u00e7a reuni\u00f5es mias naturalmente onde quer que voc\u00ea esteja<\/li>\n<li>Detec\u00e7\u00e3o de voz precisa e som de alta qualidade para ouvir e ser ouvido claramente<\/li>\n<li>Monitoramento ativo do uso e capacidade da sala, orienta\u00e7\u00e3o de seguran\u00e7a ao vivo e insights<\/li>\n<li>Captura e streaming de quadro branco em tempo real<\/li>\n<li>Controle de toque intuitivo e Lenovo ThinkSmart Core + Controller<\/li>\n<li>Implanta\u00e7\u00e3o flex\u00edvel e escal\u00e1vel em salas pequenas e m\u00e9dias<\/li>\n<\/ul>\n","protected":false},"excerpt":{"rendered":"<p class=\"excerpt\">Uma solu\u00e7\u00e3o para sala de reuni\u00e3o simples e completa projetada para juntar equipes h\u00edbridas<\/p>\n","protected":false},"featured_media":2203,"comment_status":"closed","ping_status":"closed","template":"","meta":[],"product_cat":[121,130],"product_tag":[],"_links":{"self":[{"href":"https:\/\/movitronics.com.br\/store\/wp-json\/wp\/v2\/product\/2202"}],"collection":[{"href":"https:\/\/movitronics.com.br\/store\/wp-json\/wp\/v2\/product"}],"about":[{"href":"https:\/\/movitronics.com.br\/store\/wp-json\/wp\/v2\/types\/product"}],"replies":[{"embeddable":true,"href":"https:\/\/movitronics.com.br\/store\/wp-json\/wp\/v2\/comments?post=2202"}],"wp:featuredmedia":[{"embeddable":true,"href":"https:\/\/movitronics.com.br\/store\/wp-json\/wp\/v2\/media\/2203"}],"wp:attachment":[{"href":"https:\/\/movitronics.com.br\/store\/wp-json\/wp\/v2\/media?parent=2202"}],"wp:term":[{"taxonomy":"product_cat","embeddable":true,"href":"https:\/\/movitronics.com.br\/store\/wp-json\/wp\/v2\/product_cat?post=2202"},{"taxonomy":"product_tag","embeddable":true,"href":"https:\/\/movitronics.com.br\/store\/wp-json\/wp\/v2\/product_tag?post=2202"}],"curies":[{"name":"wp","href":"https:\/\/api.w.org\/{rel}","templated":true}]}}