{"id":2206,"date":"2023-06-25T23:18:37","date_gmt":"2023-06-26T02:18:37","guid":{"rendered":"https:\/\/movitronics.com.br\/store\/?post_type=product&#038;p=2206"},"modified":"2023-06-25T23:18:40","modified_gmt":"2023-06-26T02:18:40","slug":"camera-panacast-20-4k-ultra-hd","status":"publish","type":"product","link":"https:\/\/movitronics.com.br\/store\/loja\/jabra\/videoconferencia\/camera-panacast-20-4k-ultra-hd\/","title":{"rendered":"C\u00e2mera Panacast 20 &#8211; 4K Ultra HD"},"content":{"rendered":"<p>\u2022 Qualidade de v\u00eddeo 4K Ultra-HD com tecnologia de IA premium<br \/>\n\u2022 O Zoom inteligente orientado por IA mantem voc\u00ea no centro do palco<br \/>\n\u2022 Otimiza\u00e7\u00e3o de ilumina\u00e7\u00e3o inteligente para uma imagem perfeita, onde quer que voc\u00ea trabalhe<br \/>\n\u2022 Picture-in-Picture para apresenta\u00e7\u00f5es ainda mais impactantes<br \/>\n\u2022 O poderoso processador de IA integrado melhoras a seguran\u00e7a dos dados<br \/>\n\u2022 A capa de privacidade integrada garante privacidade quando voc\u00ea precisa<br \/>\n\u2022 Constru\u00eddo para trabalho flex\u00edvel. Clipes para qualquer monitor. Vem com estojo protetor<br \/>\n\u2022 Use com fone de ouvido Jabra ou viva-voz para uma excelent6e experi\u00eancia de \u00e1udio<br \/>\n\u2022 Verdadeiro plug-and-play. Funciona perfeitamente com todas as principais plataformas de UC<\/p>\n","protected":false},"excerpt":{"rendered":"<p class=\"excerpt\">Videoconfer\u00eancia pessoal inteligente e habilitada para IA<\/p>\n","protected":false},"featured_media":2207,"comment_status":"closed","ping_status":"closed","template":"","meta":[],"product_cat":[121,130],"product_tag":[],"_links":{"self":[{"href":"https:\/\/movitronics.com.br\/store\/wp-json\/wp\/v2\/product\/2206"}],"collection":[{"href":"https:\/\/movitronics.com.br\/store\/wp-json\/wp\/v2\/product"}],"about":[{"href":"https:\/\/movitronics.com.br\/store\/wp-json\/wp\/v2\/types\/product"}],"replies":[{"embeddable":true,"href":"https:\/\/movitronics.com.br\/store\/wp-json\/wp\/v2\/comments?post=2206"}],"wp:featuredmedia":[{"embeddable":true,"href":"https:\/\/movitronics.com.br\/store\/wp-json\/wp\/v2\/media\/2207"}],"wp:attachment":[{"href":"https:\/\/movitronics.com.br\/store\/wp-json\/wp\/v2\/media?parent=2206"}],"wp:term":[{"taxonomy":"product_cat","embeddable":true,"href":"https:\/\/movitronics.com.br\/store\/wp-json\/wp\/v2\/product_cat?post=2206"},{"taxonomy":"product_tag","embeddable":true,"href":"https:\/\/movitronics.com.br\/store\/wp-json\/wp\/v2\/product_tag?post=2206"}],"curies":[{"name":"wp","href":"https:\/\/api.w.org\/{rel}","templated":true}]}}