{"id":2209,"date":"2023-06-25T23:23:19","date_gmt":"2023-06-26T02:23:19","guid":{"rendered":"https:\/\/movitronics.com.br\/store\/?post_type=product&#038;p=2209"},"modified":"2023-06-25T23:26:05","modified_gmt":"2023-06-26T02:26:05","slug":"panacast-videoconferencia-180-graus","status":"publish","type":"product","link":"https:\/\/movitronics.com.br\/store\/loja\/jabra\/videoconferencia\/panacast-videoconferencia-180-graus\/","title":{"rendered":"Panacast &#8211; Videoconferencia Panor\u00e2mica &#8211; 180 graus"},"content":{"rendered":"<p>Solu\u00e7\u00e3o de v\u00eddeo flex\u00edvel inteligente de 180\u00b0<\/p>\n<p>\u2022 Reuni\u00f5es inclusivas com v\u00eddeo panor\u00e2mico-4K de 180\u00b0 para uma vis\u00e3o mais natural do seu espa\u00e7o de reuni\u00e3o<br \/>\n\u2022 O Zoom inteligente se ajusta automaticamente para incluir todos na conversa<br \/>\n\u2022 Streaming de quadro branco em tempo real para colabora\u00e7\u00e3o remota mais inclusiva<br \/>\n\u2022 A tecnologia plug-and-play permite que voc\u00ea colabore com outras pessoas de maneira r\u00e1pida e f\u00e1cil<br \/>\n\u2022 Compat\u00edvel com todas as principais solu\u00e7\u00f5es de videoconfer\u00eancia e \u00e1udio<br \/>\n\u2022 O parceiro perfeito para o Jabra Speak, oferecendo uma combina\u00e7\u00e3o incompar\u00e1vel de \u00e1udio brilhante e v\u00eddeo panor\u00e2mico-4K<\/p>\n<p>C\u00e2mera de v\u00eddeo de confer\u00eancia inclu\u00edda \u2013 Jabra PanaCast \u00e9 projetada para ser a primeira c\u00e2mera inteligente de videoconfer\u00eancia do mundo. Com tr\u00eas c\u00e2meras de 13 MP e costura de v\u00eddeo em tempo real, voc\u00ea ter\u00e1 cobertura total de 180\u00b0 para uma vis\u00e3o natural de todos os participantes.<\/p>\n<p>Tecnologia de v\u00eddeo inteligente \u2013 a tecnologia de v\u00eddeo inteligente nesta webcam grande angular garante uma \u00f3tima experi\u00eancia de v\u00eddeo mesmo com diferentes condi\u00e7\u00f5es de ilumina\u00e7\u00e3o. Al\u00e9m disso, o zoom da c\u00e2mera se ajusta automaticamente para incluir todos na conversa.<\/p>\n<p>F\u00e1cil de configurar \u2013 Esta webcam 4K para sala de reuni\u00f5es possui capacidade plug-and-play, para que voc\u00ea possa come\u00e7ar suas chamadas de confer\u00eancia de forma r\u00e1pida e f\u00e1cil. Basta ligar o<\/p>\n<p>Jabra PanaCast na porta USB do seu laptop ou computador e est\u00e1 pronto. Inclui cabo USB-A.<\/p>\n<p>Amplamente compat\u00edvel \u2013 Jabra PanaCast pode ser usado com todas as solu\u00e7\u00f5es l\u00edderes de \u00e1udio e v\u00eddeo confer\u00eancia. Certificado para uso com Microsoft Teams e compat\u00edvel com o Zoom e muito mais, voc\u00ea pode ter certeza de que sua equipe pode se conectar, seja qual for o equipamento que estiver usando.<\/p>\n<p>Solu\u00e7\u00f5es vers\u00e1teis \u2013 A Jabra PanaCast facilita a conex\u00e3o com seus colegas de trabalho, pacientes, clientes, estudantes e funcion\u00e1rios, n\u00e3o importa se voc\u00ea est\u00e1 no escrit\u00f3rio ou em casa. Emparelhe com o \u00e1udio Jabra Speak para um sistema de videoconfer\u00eancia superior.<\/p>\n","protected":false},"excerpt":{"rendered":"<p class=\"excerpt\">\u2022 Reuni\u00f5es inclusivas com v\u00eddeo panor\u00e2mico-4K de 180\u00b0 para uma vis\u00e3o mais natural do seu espa\u00e7o de reuni\u00e3o<br \/>\n\u2022 O Zoom inteligente se ajusta automaticamente para incluir todos na conversa<br \/>\n\u2022 Streaming de quadro branco em tempo real para colabora\u00e7\u00e3o remota mais inclusiva<br \/>\n\u2022 A tecnologia plug-and-play permite que voc\u00ea colabore com outras pessoas de maneira r\u00e1pida e f\u00e1cil<br \/>\n\u2022 Compat\u00edvel com todas as principais solu\u00e7\u00f5es de videoconfer\u00eancia e \u00e1udio<br \/>\n\u2022 O parceiro perfeito para o Jabra Speak, oferecendo uma combina\u00e7\u00e3o incompar\u00e1vel de \u00e1udio brilhante e v\u00eddeo panor\u00e2mico-4K<\/p>\n","protected":false},"featured_media":2210,"comment_status":"closed","ping_status":"closed","template":"","meta":[],"product_cat":[121,130],"product_tag":[],"_links":{"self":[{"href":"https:\/\/movitronics.com.br\/store\/wp-json\/wp\/v2\/product\/2209"}],"collection":[{"href":"https:\/\/movitronics.com.br\/store\/wp-json\/wp\/v2\/product"}],"about":[{"href":"https:\/\/movitronics.com.br\/store\/wp-json\/wp\/v2\/types\/product"}],"replies":[{"embeddable":true,"href":"https:\/\/movitronics.com.br\/store\/wp-json\/wp\/v2\/comments?post=2209"}],"wp:featuredmedia":[{"embeddable":true,"href":"https:\/\/movitronics.com.br\/store\/wp-json\/wp\/v2\/media\/2210"}],"wp:attachment":[{"href":"https:\/\/movitronics.com.br\/store\/wp-json\/wp\/v2\/media?parent=2209"}],"wp:term":[{"taxonomy":"product_cat","embeddable":true,"href":"https:\/\/movitronics.com.br\/store\/wp-json\/wp\/v2\/product_cat?post=2209"},{"taxonomy":"product_tag","embeddable":true,"href":"https:\/\/movitronics.com.br\/store\/wp-json\/wp\/v2\/product_tag?post=2209"}],"curies":[{"name":"wp","href":"https:\/\/api.w.org\/{rel}","templated":true}]}}