{"id":2213,"date":"2023-06-25T23:30:57","date_gmt":"2023-06-26T02:30:57","guid":{"rendered":"https:\/\/movitronics.com.br\/store\/?post_type=product&#038;p=2213"},"modified":"2023-06-25T23:30:58","modified_gmt":"2023-06-26T02:30:58","slug":"panacast-meet-anywhere-bundles-kits","status":"publish","type":"product","link":"https:\/\/movitronics.com.br\/store\/loja\/jabra\/videoconferencia\/panacast-meet-anywhere-bundles-kits\/","title":{"rendered":"Panacast Meet Anywhere + BUNDLES\/Kits"},"content":{"rendered":"<p>\u2022 Solu\u00e7\u00f5es de \u00e1udio e v\u00eddeo l\u00edderes do setor combinadas em um estojo leve e port\u00e1til que instantaneamente permitem que voc\u00ea se encontre em qualquer lugar<br \/>\n\u2022 Inclui Jabara PanaCast, Jabra Speak 750 e um suporte de mesa<br \/>\n\u2022 Ambos os pacotes vem em um estojo de viagem premium que \u00e9 leve e dur\u00e1vel para m\u00e1xima comodidade em movimento<br \/>\n\u2022 Abra o estojo e inicie qualquer reuni\u00e3o em qualquer lugar com uma f\u00e1cil conex\u00e3o plug-and-play direta<\/p>\n","protected":false},"excerpt":{"rendered":"<p class=\"excerpt\">\u2022 Solu\u00e7\u00f5es de \u00e1udio e v\u00eddeo l\u00edderes do setor combinadas em um estojo leve e port\u00e1til que instantaneamente permitem que voc\u00ea se encontre em qualquer lugar<br \/>\n\u2022 Inclui Jabara PanaCast, Jabra Speak 750 e um suporte de mesa<br \/>\n\u2022 Ambos os pacotes vem em um estojo de viagem premium que \u00e9 leve e dur\u00e1vel para m\u00e1xima comodidade em movimento<br \/>\n\u2022 Abra o estojo e inicie qualquer reuni\u00e3o em qualquer lugar com uma f\u00e1cil conex\u00e3o plug-and-play direta<\/p>\n","protected":false},"featured_media":2215,"comment_status":"closed","ping_status":"closed","template":"","meta":[],"product_cat":[121,130],"product_tag":[],"_links":{"self":[{"href":"https:\/\/movitronics.com.br\/store\/wp-json\/wp\/v2\/product\/2213"}],"collection":[{"href":"https:\/\/movitronics.com.br\/store\/wp-json\/wp\/v2\/product"}],"about":[{"href":"https:\/\/movitronics.com.br\/store\/wp-json\/wp\/v2\/types\/product"}],"replies":[{"embeddable":true,"href":"https:\/\/movitronics.com.br\/store\/wp-json\/wp\/v2\/comments?post=2213"}],"wp:featuredmedia":[{"embeddable":true,"href":"https:\/\/movitronics.com.br\/store\/wp-json\/wp\/v2\/media\/2215"}],"wp:attachment":[{"href":"https:\/\/movitronics.com.br\/store\/wp-json\/wp\/v2\/media?parent=2213"}],"wp:term":[{"taxonomy":"product_cat","embeddable":true,"href":"https:\/\/movitronics.com.br\/store\/wp-json\/wp\/v2\/product_cat?post=2213"},{"taxonomy":"product_tag","embeddable":true,"href":"https:\/\/movitronics.com.br\/store\/wp-json\/wp\/v2\/product_tag?post=2213"}],"curies":[{"name":"wp","href":"https:\/\/api.w.org\/{rel}","templated":true}]}}