{"id":2229,"date":"2023-06-27T19:07:21","date_gmt":"2023-06-27T22:07:21","guid":{"rendered":"https:\/\/movitronics.com.br\/store\/?post_type=product&#038;p=2229"},"modified":"2023-06-27T19:08:34","modified_gmt":"2023-06-27T22:08:34","slug":"alto-falante-para-audioconferencia-usb-e-bluetooth-speak-810-jabra","status":"publish","type":"product","link":"https:\/\/movitronics.com.br\/store\/loja\/jabra\/auto-falantes-audioconferencia\/alto-falante-para-audioconferencia-usb-e-bluetooth-speak-810-jabra\/","title":{"rendered":"Alto falante para Audioconfer\u00eancia USB e Bluetooth &#8211; Speak 810 &#8211; Jabra"},"content":{"rendered":"<p>\u2022 Inicie reuni\u00f5es mais r\u00e1pido do que nunca via USB, Bluethooth ou conex\u00e3o de 3,5 mm para o seu computador ou smartphone<br \/>\n\u2022 \u00c1udio superior para chamadas em confer\u00eancia<br \/>\n\u2022 Capta o som de praticamente qualquer dire\u00e7\u00e3o<br \/>\n\u2022 Controles de chamada f\u00e1ceis de usa no viva-voz<br \/>\n\u2022 Coberturas da sal de confer\u00eancias para at\u00e9 15 pessoas<\/p>\n<ul class=\"a-unordered-list a-vertical a-spacing-mini\">\n<li class=\"a-spacing-mini\"><span class=\"a-list-item\">Convers\u00f5es claras \u2013 Colabore de maneira f\u00e1cil com o Jabra Speak 810 \u2013 um alto-falante Bluetooth sem fio que possui \u00e1udio superior para chamadas de confer\u00eancia maiores (at\u00e9 15 participantes)<\/span><\/li>\n<li class=\"a-spacing-mini\"><span class=\"a-list-item\">Microfones Jabra ZooMTalk exclusivos \u2013 Os microfones ZoomTalk neste alto-falante de confer\u00eancia detectam a voz humana presente na sala e nada mais. Isso mant\u00e9m a conversa fluindo em ambas as extremidades da chamada e maximiza os tempos das reuni\u00f5es.<\/span><\/li>\n<li class=\"a-spacing-mini\"><span class=\"a-list-item\">F\u00e1cil configura\u00e7\u00e3o \u2013 \u00e9 f\u00e1cil configurar este viva-voz de confer\u00eancia gra\u00e7as \u00e0 conectividade flex\u00edvel. Basta conectar seu laptop via USB e come\u00e7ar as reuni\u00f5es em segundos. Ou conecte a um tablet ou smartphone via Bluetooth ou um conector de 3,5 mm<\/span><\/li>\n<li class=\"a-spacing-mini\"><span class=\"a-list-item\">Design fino e compacto \u2013 Transforme qualquer c\u00f4modo em uma \u00e1rea de colabora\u00e7\u00e3o com este viva-voz sem fio. O design elegante e compacto possui gerenciamento de cabos USB integrado e n\u00e3o ocupa muito espa\u00e7o na mesa.<\/span><\/li>\n<li class=\"a-spacing-mini\"><span class=\"a-list-item\">Compatibilidade \u2013 n\u00e3o h\u00e1 necessidade de extenso treinamento do usu\u00e1rio ou suporte para conectar este alto-falante port\u00e1til aos seus dispositivos. O alto-falante Bluetooth Jabra Speak 810 \u00e9 compat\u00edvel com todas as plataformas UC l\u00edderes e \u00e9 otimizado para Microsoft Team<\/span><\/li>\n<\/ul>\n","protected":false},"excerpt":{"rendered":"<p class=\"excerpt\">\u2022 Inicie reuni\u00f5es mais r\u00e1pido do que nunca via USB, Bluethooth ou conex\u00e3o de 3,5 mm para o seu computador ou smartphone<br \/>\n\u2022 \u00c1udio superior para chamadas em confer\u00eancia<br \/>\n\u2022 Capta o som de praticamente qualquer dire\u00e7\u00e3o<br \/>\n\u2022 Controles de chamada f\u00e1ceis de usa no viva-voz<br \/>\n\u2022 Coberturas da sal de confer\u00eancias para at\u00e9 15 pessoas<\/p>\n","protected":false},"featured_media":2231,"comment_status":"closed","ping_status":"closed","template":"","meta":[],"product_cat":[131,121],"product_tag":[132],"_links":{"self":[{"href":"https:\/\/movitronics.com.br\/store\/wp-json\/wp\/v2\/product\/2229"}],"collection":[{"href":"https:\/\/movitronics.com.br\/store\/wp-json\/wp\/v2\/product"}],"about":[{"href":"https:\/\/movitronics.com.br\/store\/wp-json\/wp\/v2\/types\/product"}],"replies":[{"embeddable":true,"href":"https:\/\/movitronics.com.br\/store\/wp-json\/wp\/v2\/comments?post=2229"}],"wp:featuredmedia":[{"embeddable":true,"href":"https:\/\/movitronics.com.br\/store\/wp-json\/wp\/v2\/media\/2231"}],"wp:attachment":[{"href":"https:\/\/movitronics.com.br\/store\/wp-json\/wp\/v2\/media?parent=2229"}],"wp:term":[{"taxonomy":"product_cat","embeddable":true,"href":"https:\/\/movitronics.com.br\/store\/wp-json\/wp\/v2\/product_cat?post=2229"},{"taxonomy":"product_tag","embeddable":true,"href":"https:\/\/movitronics.com.br\/store\/wp-json\/wp\/v2\/product_tag?post=2229"}],"curies":[{"name":"wp","href":"https:\/\/api.w.org\/{rel}","templated":true}]}}