{"id":2235,"date":"2023-06-27T19:15:09","date_gmt":"2023-06-27T22:15:09","guid":{"rendered":"https:\/\/movitronics.com.br\/store\/?post_type=product&#038;p=2235"},"modified":"2023-06-27T19:15:48","modified_gmt":"2023-06-27T22:15:48","slug":"alto-falante-full-duplex-portatil-premium-speak-750-jabra","status":"publish","type":"product","link":"https:\/\/movitronics.com.br\/store\/loja\/jabra\/auto-falantes-audioconferencia\/alto-falante-full-duplex-portatil-premium-speak-750-jabra\/","title":{"rendered":"Alto falante Full Duplex port\u00e1til premium Audioconfer\u00eancia &#8211; Speak 750 &#8211; Jabra"},"content":{"rendered":"<p>\u2022 O \u00e1udio full duplex permite que todos falem e sejam ouvidos simultaneamente<br \/>\n\u2022 Certificado para Microsoft Teams com um bot\u00e3o dedicado<br \/>\n\u2022 Vers\u00e1til e f\u00e1cil de usar, \u00e9 compat\u00edvel com todas as principais plataformas de comunica\u00e7\u00f5es unificadas<br \/>\n\u2022 Conecte-se instantaneamente: basta plugar ao seu laptop, smartphone e tablet via USB ou Bluetooth<br \/>\n\u2022 O microfone omnidirecional capta o som de praticamente qualquer dire\u00e7\u00e3o<br \/>\n\u2022 Op\u00e7\u00e3o de cobertura para at\u00e9 6 pessoas para emparelhar dois dispositivos Speak 750 para cobertura dupla<\/p>\n<ul>\n<li>Sem costura, \u00e1udio premium \u2013 Com o Jabra Speak 750, voc\u00ea pode ouvir e ser ouvido quando \u00e9 importante. O \u00e1udio duplex completo neste alto-falante de confer\u00eancia permite que todos falem e sejam ouvidos simultaneamente por menos interrup\u00e7\u00f5es e melhor colabora\u00e7\u00e3o<\/li>\n<li class=\"a-spacing-mini\"><span class=\"a-list-item\">F\u00e1cil configura\u00e7\u00e3o \u2013 \u00e9 f\u00e1cil conectar este alto-falante de confer\u00eancia ao seu laptop, smartphone ou tablet usando USB ou Bluetooth. A configura\u00e7\u00e3o r\u00e1pida leva a colabora\u00e7\u00e3o instant\u00e2nea e menos perda de tempo ao lidar com problemas de alto-falante do escrit\u00f3rio<\/span><\/li>\n<li class=\"a-spacing-mini\"><span class=\"a-list-item\">Compatibilidade \u2013 O alto-falante da confer\u00eancia Jabra Speak 750 \u00e9 compat\u00edvel com todas as plataformas l\u00edderes de comunica\u00e7\u00e3o unificada, incluindo equipes Microsoft e Skype for Business<\/span><\/li>\n<li class=\"a-spacing-mini\"><span class=\"a-list-item\">Ideal para colabora\u00e7\u00e3o remota \u2013 as conversas fluir\u00e3o t\u00e3o naturalmente quanto pessoalmente com este alto-falante port\u00e1til com voz HD\/\u00e1udio banda larga, tornando-o ideal para reuni\u00f5es remotas Combine com o Jabra PanaCast para um sistema de videoconfer\u00eancia superior<\/span><\/li>\n<\/ul>\n","protected":false},"excerpt":{"rendered":"<p class=\"excerpt\">\u2022 O \u00e1udio full duplex permite que todos falem e sejam ouvidos simultaneamente<br \/>\n\u2022 Certificado para Microsoft Teams com um bot\u00e3o dedicado<br \/>\n\u2022 Vers\u00e1til e f\u00e1cil de usar, \u00e9 compat\u00edvel com todas as principais plataformas de comunica\u00e7\u00f5es unificadas<br \/>\n\u2022 Conecte-se instantaneamente: basta plugar ao seu laptop, smartphone e tablet via USB ou Bluetooth<br \/>\n\u2022 O microfone omnidirecional capta o som de praticamente qualquer dire\u00e7\u00e3o<br \/>\n\u2022 Op\u00e7\u00e3o de cobertura para at\u00e9 6 pessoas para emparelhar dois dispositivos Speak 750 para cobertura dupla<\/p>\n","protected":false},"featured_media":2236,"comment_status":"closed","ping_status":"closed","template":"","meta":[],"product_cat":[131,121],"product_tag":[132],"_links":{"self":[{"href":"https:\/\/movitronics.com.br\/store\/wp-json\/wp\/v2\/product\/2235"}],"collection":[{"href":"https:\/\/movitronics.com.br\/store\/wp-json\/wp\/v2\/product"}],"about":[{"href":"https:\/\/movitronics.com.br\/store\/wp-json\/wp\/v2\/types\/product"}],"replies":[{"embeddable":true,"href":"https:\/\/movitronics.com.br\/store\/wp-json\/wp\/v2\/comments?post=2235"}],"wp:featuredmedia":[{"embeddable":true,"href":"https:\/\/movitronics.com.br\/store\/wp-json\/wp\/v2\/media\/2236"}],"wp:attachment":[{"href":"https:\/\/movitronics.com.br\/store\/wp-json\/wp\/v2\/media?parent=2235"}],"wp:term":[{"taxonomy":"product_cat","embeddable":true,"href":"https:\/\/movitronics.com.br\/store\/wp-json\/wp\/v2\/product_cat?post=2235"},{"taxonomy":"product_tag","embeddable":true,"href":"https:\/\/movitronics.com.br\/store\/wp-json\/wp\/v2\/product_tag?post=2235"}],"curies":[{"name":"wp","href":"https:\/\/api.w.org\/{rel}","templated":true}]}}